{"id":1255,"date":"2022-01-04T15:33:50","date_gmt":"2022-01-04T15:33:50","guid":{"rendered":"https:\/\/cvca.hr\/o-cvca\/"},"modified":"2026-04-13T08:29:47","modified_gmt":"2026-04-13T08:29:47","slug":"o-cvca","status":"publish","type":"page","link":"https:\/\/cvca.hr\/hr\/o-cvca\/","title":{"rendered":"O CVCA"},"content":{"rendered":"\t\t<div data-elementor-type=\"wp-page\" data-elementor-id=\"1255\" class=\"elementor elementor-1255 elementor-504\" data-elementor-post-type=\"page\">\n\t\t\t\t\t\t\t\t\t<section class=\"has_ae_slider elementor-section elementor-top-section elementor-element elementor-element-ec1a2c0 elementor-section-full_width elementor-section-height-default elementor-section-height-default ae-bg-gallery-type-default\" data-id=\"ec1a2c0\" data-element_type=\"section\">\n\t\t\t\t\t\t<div class=\"elementor-container elementor-column-gap-default\">\n\t\t\t\t\t<div class=\"has_ae_slider elementor-column elementor-col-50 elementor-top-column elementor-element elementor-element-7ad234f ae-bg-gallery-type-default\" data-id=\"7ad234f\" data-element_type=\"column\" data-settings=\"{&quot;background_background&quot;:&quot;classic&quot;}\">\n\t\t\t<div class=\"elementor-widget-wrap elementor-element-populated\">\n\t\t\t\t\t\t\t\t<div class=\"elementor-element elementor-element-4e599cb elementor-hidden-desktop elementor-widget elementor-widget-image\" data-id=\"4e599cb\" data-element_type=\"widget\" data-widget_type=\"image.default\">\n\t\t\t\t<div class=\"elementor-widget-container\">\n\t\t\t<style>\/*! elementor - v3.18.0 - 20-12-2023 *\/\n.elementor-widget-image{text-align:center}.elementor-widget-image a{display:inline-block}.elementor-widget-image a img[src$=\".svg\"]{width:48px}.elementor-widget-image img{vertical-align:middle;display:inline-block}<\/style>\t\t\t\t\t\t\t\t\t\t\t\t<img fetchpriority=\"high\" decoding=\"async\" width=\"800\" height=\"538\" src=\"https:\/\/cvca.hr\/wp-content\/uploads\/2025\/03\/007_Winners-of-BestInvest-Awards-2024-1024x688.jpg\" class=\"attachment-large size-large wp-image-6913\" alt=\"\" srcset=\"https:\/\/cvca.hr\/wp-content\/uploads\/2025\/03\/007_Winners-of-BestInvest-Awards-2024-1024x688.jpg 1024w, https:\/\/cvca.hr\/wp-content\/uploads\/2025\/03\/007_Winners-of-BestInvest-Awards-2024-300x202.jpg 300w, https:\/\/cvca.hr\/wp-content\/uploads\/2025\/03\/007_Winners-of-BestInvest-Awards-2024-768x516.jpg 768w, https:\/\/cvca.hr\/wp-content\/uploads\/2025\/03\/007_Winners-of-BestInvest-Awards-2024-1536x1032.jpg 1536w, https:\/\/cvca.hr\/wp-content\/uploads\/2025\/03\/007_Winners-of-BestInvest-Awards-2024-2048x1376.jpg 2048w\" sizes=\"(max-width: 800px) 100vw, 800px\" \/>\t\t\t\t\t\t\t\t\t\t\t\t\t\t\t<\/div>\n\t\t\t\t<\/div>\n\t\t\t\t\t<\/div>\n\t\t<\/div>\n\t\t\t\t<div class=\"has_ae_slider elementor-column elementor-col-50 elementor-top-column elementor-element elementor-element-42bc1fa ae-bg-gallery-type-default\" data-id=\"42bc1fa\" data-element_type=\"column\" data-settings=\"{&quot;background_background&quot;:&quot;classic&quot;}\">\n\t\t\t<div class=\"elementor-widget-wrap elementor-element-populated\">\n\t\t\t\t\t\t\t\t<div class=\"elementor-element elementor-element-bf236ec elementor-widget elementor-widget-heading\" data-id=\"bf236ec\" data-element_type=\"widget\" data-widget_type=\"heading.default\">\n\t\t\t\t<div class=\"elementor-widget-container\">\n\t\t\t<style>\/*! elementor - v3.18.0 - 20-12-2023 *\/\n.elementor-heading-title{padding:0;margin:0;line-height:1}.elementor-widget-heading .elementor-heading-title[class*=elementor-size-]>a{color:inherit;font-size:inherit;line-height:inherit}.elementor-widget-heading .elementor-heading-title.elementor-size-small{font-size:15px}.elementor-widget-heading .elementor-heading-title.elementor-size-medium{font-size:19px}.elementor-widget-heading .elementor-heading-title.elementor-size-large{font-size:29px}.elementor-widget-heading .elementor-heading-title.elementor-size-xl{font-size:39px}.elementor-widget-heading .elementor-heading-title.elementor-size-xxl{font-size:59px}<\/style><h2 class=\"elementor-heading-title elementor-size-default\">Saznaj vi\u0161e o ciljevima i planovima udruge.<\/h2>\t\t<\/div>\n\t\t\t\t<\/div>\n\t\t\t\t<div class=\"elementor-element elementor-element-771faff elementor-widget elementor-widget-heading\" data-id=\"771faff\" data-element_type=\"widget\" data-widget_type=\"heading.default\">\n\t\t\t\t<div class=\"elementor-widget-container\">\n\t\t\t<h2 class=\"elementor-heading-title elementor-size-default\">Hrvatska Private equity i Venture capital Asocijacija (HVCA)<\/h2>\t\t<\/div>\n\t\t\t\t<\/div>\n\t\t\t\t<div class=\"elementor-element elementor-element-367a2a6 tekst elementor-widget elementor-widget-text-editor\" data-id=\"367a2a6\" data-element_type=\"widget\" data-widget_type=\"text-editor.default\">\n\t\t\t\t<div class=\"elementor-widget-container\">\n\t\t\t<style>\/*! elementor - v3.18.0 - 20-12-2023 *\/\n.elementor-widget-text-editor.elementor-drop-cap-view-stacked .elementor-drop-cap{background-color:#69727d;color:#fff}.elementor-widget-text-editor.elementor-drop-cap-view-framed .elementor-drop-cap{color:#69727d;border:3px solid;background-color:transparent}.elementor-widget-text-editor:not(.elementor-drop-cap-view-default) .elementor-drop-cap{margin-top:8px}.elementor-widget-text-editor:not(.elementor-drop-cap-view-default) .elementor-drop-cap-letter{width:1em;height:1em}.elementor-widget-text-editor .elementor-drop-cap{float:left;text-align:center;line-height:1;font-size:50px}.elementor-widget-text-editor .elementor-drop-cap-letter{display:inline-block}<\/style>\t\t\t\t<p><strong>Hrvatska Private Equity i Venture Capital Asocijacija (CVCA)<\/strong> ima za cilj <strong>pospje\u0161iti i pojednostaviti stvaranje pogodnog okru\u017eenja za private equity i venture capital (PE\/VC) ulaganja<\/strong> u Republici Hrvatskoj i \u0161iroj regiji. Tako\u0111er, CVCA poti\u010de <strong>razvoj i promicanje investicijske kulture<\/strong>, kao temelja sna\u017enog poduzetni\u010dkog i inovacijskog ekosustava. Osim u Hrvatskoj, <strong>CVCA je aktivna i u zemljama regije Jugoisto\u010dne Europe (SEE) i Srednje i Isto\u010dne Europe (CEE)<\/strong>.<\/p><p><strong>CVCA je sredi\u0161nje mjesto okupljanja svih sudionika private equity i venture capital industrije u Hrvatskoj<\/strong>, a kroz svoje aktivnosti <strong>povezuje sve PE i VC fondove sa sjedi\u0161tem ili predstavni\u0161tvom u Hrvatskoj i regiji<\/strong> te promi\u010de suradnju, razmjenu znanja i standardizaciju tr\u017ei\u0161ta.<\/p><p><strong>Redovni \u010dlanovi CVCA upravljaju kapitalom ve\u0107im od 4.5 milijarde eura<\/strong>, namijenjenim za ulaganja u Hrvatsku i regiju. Private equity i venture capital ulaganja izuzetno su va\u017ena za hrvatsko gospodarstvo jer <strong>ula\u017eu u najpropulzivnije hrvatske tvrtke s potencijalom za brzi rast, internacionalizaciju i otvaranje novih radnih mjesta<\/strong>.<\/p>\t\t\t\t\t\t<\/div>\n\t\t\t\t<\/div>\n\t\t\t\t\t<\/div>\n\t\t<\/div>\n\t\t\t\t\t\t\t<\/div>\n\t\t<\/section>\n\t\t\t\t<section class=\"has_ae_slider elementor-section elementor-top-section elementor-element elementor-element-cca91b7 elementor-section-boxed elementor-section-height-default elementor-section-height-default ae-bg-gallery-type-default\" data-id=\"cca91b7\" data-element_type=\"section\">\n\t\t\t\t\t\t<div class=\"elementor-container elementor-column-gap-default\">\n\t\t\t\t\t<div class=\"has_ae_slider elementor-column elementor-col-100 elementor-top-column elementor-element elementor-element-ba8b95a ae-bg-gallery-type-default\" data-id=\"ba8b95a\" data-element_type=\"column\">\n\t\t\t<div class=\"elementor-widget-wrap elementor-element-populated\">\n\t\t\t\t\t\t\t\t<div class=\"elementor-element elementor-element-dcda39b tekst elementor-widget elementor-widget-text-editor\" data-id=\"dcda39b\" data-element_type=\"widget\" data-widget_type=\"text-editor.default\">\n\t\t\t\t<div class=\"elementor-widget-container\">\n\t\t\t\t\t\t\t<p><strong>Redovni \u010dlanovi CVCA<\/strong> su: <strong>Aymo Ventures, BlackPeak Capital, Blue Sea Capital, ECM Partners, Eleven Ventures, Enterprise Investors, Fil Rouge Capital, Feelsgood Capital Partners, GreenArt Equity (biv\u0161i CEE Equity Partners), GYAS, HMID d.o.o. (Hrvatsko mirovinsko investicijsko dru\u0161tvo),\u00a0<\/strong>Hybrid Capital Partners, <strong>Inspire Investments, Integral Venture Partners, InterCapital Asset Management, Invera Private Equity, Mezzanine Partners,\u00a0<\/strong><b>Morphosis Capital,<\/b> <strong>N Vision Ventures, Orbit Capital, Prosperus Invest, Provectus Capital Partners, Silicon Gardens i Vesna VC<\/strong> \u2014 ukupno <strong>27 upravitelja regionalnih private equity, venture capital i drugih alternativnih investicijskih fondova<\/strong><\/p><p><strong>Pridru\u017eeni \u010dlanovi<\/strong> CVCA su vode\u0107i pru\u017eatelji usluga za PE\/VC industriju, uklju\u010duju\u0107i:\u00a0<b>Alpha Capitalis d.o.o., Bradvica Mari\u0107 Wahl Cesarec Skerlev odvjetni\u010dko dru\u0161tvo d.o.o. (odvjetni\u010dko dru\u0161tvo), ERSTE d.o.o. dru\u0161tvo za upravljanje obveznim i dobrovoljnim mirovinskim fondovima, Forvis Mazars, Hren i Partneri odvjetni\u010dko dru\u0161tvo d.o.o. (odvjetnicko dru\u0161tvo), Hrvatska banka za obnovu i razvitak (HBOR),\u00a0 Kova\u010devi\u0107 Prpi\u0107 Simeunovi\u0107 odvjetni\u010dko dru\u0161tvo d.o.o. (odvjetni\u010dko dru\u0161tvo), Lovric Novokmet &amp; Partners (law firm), Raiffeisen Bank International i VentureXchange Ltd., ukupno 10 savjetni\u010dkih i financijskih institucija.<\/b><\/p><p>U posljednjih nekoliko godina <strong>Hrvatska je postala jedno od vode\u0107ih odredi\u0161ta za private equity i venture capital ulaganja u CEE regiji<\/strong>. Tijekom <strong>2021. i 2022. godine<\/strong>, hrvatski startupovi, scaleupovi i druge brzorastu\u0107e kompanije \u2014 kako one osnovane u Hrvatskoj, tako i one koje su osnovali Hrvati u inozemstvu \u2014 privukli su <strong>vi\u0161e od milijardu eura godi\u0161nje u PE\/VC investicijama<\/strong>, \u010dime je Hrvatska <strong>pozicionirana me\u0111u vode\u0107e zemlje u CEE regiji po udjelu ulaganja u odnosu na BDP<\/strong>.<\/p><p>Hrvatska tako\u0111er zauzima <strong>jedinstveno mjesto u regiji<\/strong> jer se mo\u017ee pohvaliti <strong>jednim od najve\u0107ih brojeva jednoroga po glavi stanovnika<\/strong>, uklju\u010duju\u0107i globalno poznate kompanije poput <strong>Infobipa i Rimca<\/strong>, te <strong>brzorastu\u0107om zajednicom obe\u0107avaju\u0107ih \u2018soonicorna\u2019<\/strong>, odnosno tvrtki koje imaju potencijal postati jednorog.<\/p><p><strong>Uloga private equity i venture capital ulaganja u hrvatskom gospodarstvu je klju\u010dna<\/strong>, jer su ta ulaganja <strong>pokreta\u010di razvoja i transformacije hrvatskog gospodarstva u smjeru visoko kvalificiranih, tehnolo\u0161ki naprednih i visokopla\u0107enih sektora<\/strong>, \u010dime se Hrvatska pribli\u017eava razini razvijenih gospodarstava. Ove investicije nastoje <strong>globalizirati hrvatske tvrtke, povezati ih s me\u0111unarodnim tr\u017ei\u0161tima i standardima te omogu\u0107iti njihovu prisutnost na svjetskim burzama<\/strong>, uz promicanje razvoja sada\u0161njih i budu\u0107ih hrvatskih jednoroga.<\/p><p>Private equity i venture capital fondovi poduzetnicima i kompanijama u koje ula\u017eu donose <strong>mnogo vi\u0161e od kapitala<\/strong>. Pored financijske potpore, oni donose <strong>strate\u0161ko znanje, operativnu stru\u010dnost, industrijske kontakte te savjete o rastu i skaliranju poslovanja<\/strong>, \u010dime omogu\u0107uju <strong>uspje\u0161an rast i \u0161irenje na me\u0111unarodna tr\u017ei\u0161ta<\/strong>.<\/p><p>Gledaju\u0107i u budu\u0107nost, <strong>private equity i venture capital industrija u Hrvatskoj \u0107e nastaviti rasti<\/strong>, te <strong>podupirati najpropulzivniji dio hrvatskog gospodarstva<\/strong>, posebno tehnolo\u0161ke i inovativne sektore. <strong>CVCA od 2004. godine aktivno radi na razvoju, promociji i profesionalizaciji hrvatskog tr\u017ei\u0161ta private equity i venture capital ulaganja<\/strong>, te smo ponosni \u0161to danas svjedo\u010dimo sna\u017enom razvoju tr\u017ei\u0161ta \u2014 s jo\u0161 puno prostora za budu\u0107i rast.<\/p><p><strong>Nikada nije bilo uzbudljivije vrijeme za biti dio zajednice private equity i venture capital industrije u Hrvatskoj i regiji.<\/strong><\/p><p><strong>Zanima vas \u010dlanstvo?<\/strong> Molimo <strong>kontaktirajte nas ili ispunite obrazac za prijavu na \u010dlanstvo na na\u0161oj web stranici<\/strong>.<\/p><p><strong>\u010clanstvo u CVCA je otvoreno svim pripadnicima private equity i venture capital zajednice<\/strong> \u2014 uklju\u010duju\u0107i <strong>private equity i venture capital fondove, investicijske i mirovinske fondove, banke, odvjetni\u010dka dru\u0161tva, ra\u010dunovodstvene i savjetodavne tvrtke, te individualne \u010dlanove zainteresirane za razvoj tr\u017ei\u0161ta PE i VC ulaganja u Hrvatskoj i regiji<\/strong>.<\/p>\t\t\t\t\t\t<\/div>\n\t\t\t\t<\/div>\n\t\t\t\t\t<\/div>\n\t\t<\/div>\n\t\t\t\t\t\t\t<\/div>\n\t\t<\/section>\n\t\t\t\t\t\t\t<\/div>\n\t\t","protected":false},"excerpt":{"rendered":"<p>Saznaj vi\u0161e o ciljevima i planovima udruge. Hrvatska Private equity i Venture capital Asocijacija (HVCA) Hrvatska Private Equity i Venture Capital Asocijacija (CVCA) ima za cilj pospje\u0161iti i pojednostaviti stvaranje pogodnog okru\u017eenja za private equity i venture capital (PE\/VC) ulaganja u Republici Hrvatskoj i \u0161iroj regiji. Tako\u0111er, CVCA poti\u010de razvoj i promicanje investicijske kulture, kao [&hellip;]<\/p>\n","protected":false},"author":1,"featured_media":0,"parent":0,"menu_order":0,"comment_status":"closed","ping_status":"closed","template":"","meta":{"footnotes":""},"class_list":["post-1255","page","type-page","status-publish","hentry"],"acf":[],"yoast_head":"<!-- This site is optimized with the Yoast SEO Premium plugin v21.7 (Yoast SEO v21.8) - https:\/\/yoast.com\/wordpress\/plugins\/seo\/ -->\n<title>O CVCA - CVCA<\/title>\n<meta name=\"description\" content=\"CVCA ima za cilj olak\u0161ati stvaranje povoljnog okru\u017eenja za private equity i venture capital ulaganja u Hrvatskoj i regiji.\" \/>\n<meta name=\"robots\" content=\"index, follow, max-snippet:-1, max-image-preview:large, max-video-preview:-1\" \/>\n<link rel=\"canonical\" href=\"https:\/\/cvca.hr\/about-cvca\/\" \/>\n<meta property=\"og:locale\" content=\"hr_HR\" \/>\n<meta property=\"og:type\" content=\"article\" \/>\n<meta property=\"og:title\" content=\"O CVCA\" \/>\n<meta property=\"og:description\" content=\"CVCA ima za cilj olak\u0161ati stvaranje povoljnog okru\u017eenja za private equity i venture capital ulaganja u Hrvatskoj i regiji.\" \/>\n<meta property=\"og:url\" content=\"https:\/\/cvca.hr\/about-cvca\/\" \/>\n<meta property=\"og:site_name\" content=\"CVCA\" \/>\n<meta property=\"article:publisher\" content=\"https:\/\/www.facebook.com\/cvca.hr\" \/>\n<meta property=\"article:modified_time\" content=\"2026-04-13T08:29:47+00:00\" \/>\n<meta property=\"og:image\" content=\"https:\/\/cvca.hr\/wp-content\/uploads\/2025\/03\/007_Winners-of-BestInvest-Awards-2024-1024x688.jpg\" \/>\n<meta name=\"twitter:card\" content=\"summary_large_image\" \/>\n<meta name=\"twitter:site\" content=\"@cvca_hr\" \/>\n<meta name=\"twitter:label1\" content=\"Procijenjeno vrijeme \u010ditanja\" \/>\n\t<meta name=\"twitter:data1\" content=\"4 minute\" \/>\n<script type=\"application\/ld+json\" class=\"yoast-schema-graph\">{\"@context\":\"https:\/\/schema.org\",\"@graph\":[{\"@type\":\"WebPage\",\"@id\":\"https:\/\/cvca.hr\/about-cvca\/\",\"url\":\"https:\/\/cvca.hr\/about-cvca\/\",\"name\":\"O CVCA - CVCA\",\"isPartOf\":{\"@id\":\"https:\/\/cvca.hr\/#website\"},\"datePublished\":\"2022-01-04T15:33:50+00:00\",\"dateModified\":\"2026-04-13T08:29:47+00:00\",\"description\":\"CVCA ima za cilj olak\u0161ati stvaranje povoljnog okru\u017eenja za private equity i venture capital ulaganja u Hrvatskoj i regiji.\",\"breadcrumb\":{\"@id\":\"https:\/\/cvca.hr\/about-cvca\/#breadcrumb\"},\"inLanguage\":\"hr\",\"potentialAction\":[{\"@type\":\"ReadAction\",\"target\":[\"https:\/\/cvca.hr\/about-cvca\/\"]}]},{\"@type\":\"BreadcrumbList\",\"@id\":\"https:\/\/cvca.hr\/about-cvca\/#breadcrumb\",\"itemListElement\":[{\"@type\":\"ListItem\",\"position\":1,\"name\":\"Home\",\"item\":\"https:\/\/cvca.hr\/\"},{\"@type\":\"ListItem\",\"position\":2,\"name\":\"O CVCA\"}]},{\"@type\":\"WebSite\",\"@id\":\"https:\/\/cvca.hr\/#website\",\"url\":\"https:\/\/cvca.hr\/\",\"name\":\"CVCA\",\"description\":\"Croatian Private Equity and Venture Capital Association\",\"publisher\":{\"@id\":\"https:\/\/cvca.hr\/#organization\"},\"potentialAction\":[{\"@type\":\"SearchAction\",\"target\":{\"@type\":\"EntryPoint\",\"urlTemplate\":\"https:\/\/cvca.hr\/?s={search_term_string}\"},\"query-input\":\"required name=search_term_string\"}],\"inLanguage\":\"hr\"},{\"@type\":\"Organization\",\"@id\":\"https:\/\/cvca.hr\/#organization\",\"name\":\"CVCA\",\"url\":\"https:\/\/cvca.hr\/\",\"logo\":{\"@type\":\"ImageObject\",\"inLanguage\":\"hr\",\"@id\":\"https:\/\/cvca.hr\/#\/schema\/logo\/image\/\",\"url\":\"https:\/\/cvca.hr\/wp-content\/uploads\/2021\/12\/cvca-logo.png\",\"contentUrl\":\"https:\/\/cvca.hr\/wp-content\/uploads\/2021\/12\/cvca-logo.png\",\"width\":500,\"height\":127,\"caption\":\"CVCA\"},\"image\":{\"@id\":\"https:\/\/cvca.hr\/#\/schema\/logo\/image\/\"},\"sameAs\":[\"https:\/\/www.facebook.com\/cvca.hr\",\"https:\/\/twitter.com\/cvca_hr\",\"https:\/\/www.linkedin.com\/company\/52162469\/\"]}]}<\/script>\n<!-- \/ Yoast SEO Premium plugin. -->","yoast_head_json":{"title":"O CVCA - CVCA","description":"CVCA ima za cilj olak\u0161ati stvaranje povoljnog okru\u017eenja za private equity i venture capital ulaganja u Hrvatskoj i regiji.","robots":{"index":"index","follow":"follow","max-snippet":"max-snippet:-1","max-image-preview":"max-image-preview:large","max-video-preview":"max-video-preview:-1"},"canonical":"https:\/\/cvca.hr\/about-cvca\/","og_locale":"hr_HR","og_type":"article","og_title":"O CVCA","og_description":"CVCA ima za cilj olak\u0161ati stvaranje povoljnog okru\u017eenja za private equity i venture capital ulaganja u Hrvatskoj i regiji.","og_url":"https:\/\/cvca.hr\/about-cvca\/","og_site_name":"CVCA","article_publisher":"https:\/\/www.facebook.com\/cvca.hr","article_modified_time":"2026-04-13T08:29:47+00:00","og_image":[{"url":"https:\/\/cvca.hr\/wp-content\/uploads\/2025\/03\/007_Winners-of-BestInvest-Awards-2024-1024x688.jpg"}],"twitter_card":"summary_large_image","twitter_site":"@cvca_hr","twitter_misc":{"Procijenjeno vrijeme \u010ditanja":"4 minute"},"schema":{"@context":"https:\/\/schema.org","@graph":[{"@type":"WebPage","@id":"https:\/\/cvca.hr\/about-cvca\/","url":"https:\/\/cvca.hr\/about-cvca\/","name":"O CVCA - CVCA","isPartOf":{"@id":"https:\/\/cvca.hr\/#website"},"datePublished":"2022-01-04T15:33:50+00:00","dateModified":"2026-04-13T08:29:47+00:00","description":"CVCA ima za cilj olak\u0161ati stvaranje povoljnog okru\u017eenja za private equity i venture capital ulaganja u Hrvatskoj i regiji.","breadcrumb":{"@id":"https:\/\/cvca.hr\/about-cvca\/#breadcrumb"},"inLanguage":"hr","potentialAction":[{"@type":"ReadAction","target":["https:\/\/cvca.hr\/about-cvca\/"]}]},{"@type":"BreadcrumbList","@id":"https:\/\/cvca.hr\/about-cvca\/#breadcrumb","itemListElement":[{"@type":"ListItem","position":1,"name":"Home","item":"https:\/\/cvca.hr\/"},{"@type":"ListItem","position":2,"name":"O CVCA"}]},{"@type":"WebSite","@id":"https:\/\/cvca.hr\/#website","url":"https:\/\/cvca.hr\/","name":"CVCA","description":"Croatian Private Equity and Venture Capital Association","publisher":{"@id":"https:\/\/cvca.hr\/#organization"},"potentialAction":[{"@type":"SearchAction","target":{"@type":"EntryPoint","urlTemplate":"https:\/\/cvca.hr\/?s={search_term_string}"},"query-input":"required name=search_term_string"}],"inLanguage":"hr"},{"@type":"Organization","@id":"https:\/\/cvca.hr\/#organization","name":"CVCA","url":"https:\/\/cvca.hr\/","logo":{"@type":"ImageObject","inLanguage":"hr","@id":"https:\/\/cvca.hr\/#\/schema\/logo\/image\/","url":"https:\/\/cvca.hr\/wp-content\/uploads\/2021\/12\/cvca-logo.png","contentUrl":"https:\/\/cvca.hr\/wp-content\/uploads\/2021\/12\/cvca-logo.png","width":500,"height":127,"caption":"CVCA"},"image":{"@id":"https:\/\/cvca.hr\/#\/schema\/logo\/image\/"},"sameAs":["https:\/\/www.facebook.com\/cvca.hr","https:\/\/twitter.com\/cvca_hr","https:\/\/www.linkedin.com\/company\/52162469\/"]}]}},"_links":{"self":[{"href":"https:\/\/cvca.hr\/hr\/wp-json\/wp\/v2\/pages\/1255","targetHints":{"allow":["GET"]}}],"collection":[{"href":"https:\/\/cvca.hr\/hr\/wp-json\/wp\/v2\/pages"}],"about":[{"href":"https:\/\/cvca.hr\/hr\/wp-json\/wp\/v2\/types\/page"}],"author":[{"embeddable":true,"href":"https:\/\/cvca.hr\/hr\/wp-json\/wp\/v2\/users\/1"}],"replies":[{"embeddable":true,"href":"https:\/\/cvca.hr\/hr\/wp-json\/wp\/v2\/comments?post=1255"}],"version-history":[{"count":64,"href":"https:\/\/cvca.hr\/hr\/wp-json\/wp\/v2\/pages\/1255\/revisions"}],"predecessor-version":[{"id":8622,"href":"https:\/\/cvca.hr\/hr\/wp-json\/wp\/v2\/pages\/1255\/revisions\/8622"}],"wp:attachment":[{"href":"https:\/\/cvca.hr\/hr\/wp-json\/wp\/v2\/media?parent=1255"}],"curies":[{"name":"wp","href":"https:\/\/api.w.org\/{rel}","templated":true}]}}