{"id":1299,"date":"2022-01-04T15:13:53","date_gmt":"2022-01-04T15:13:53","guid":{"rendered":"https:\/\/cvca.hr\/brosure\/"},"modified":"2022-12-08T11:22:48","modified_gmt":"2022-12-08T11:22:48","slug":"brosure","status":"publish","type":"page","link":"https:\/\/cvca.hr\/hr\/brosure\/","title":{"rendered":"Bro\u0161ure"},"content":{"rendered":"\t\t<div data-elementor-type=\"wp-page\" data-elementor-id=\"1299\" class=\"elementor elementor-1299 elementor-474\" data-elementor-post-type=\"page\">\n\t\t\t\t\t\t\t\t\t<section class=\"has_ae_slider elementor-section elementor-top-section elementor-element elementor-element-f79616b elementor-section-boxed elementor-section-height-default elementor-section-height-default ae-bg-gallery-type-default\" data-id=\"f79616b\" data-element_type=\"section\">\n\t\t\t\t\t\t<div class=\"elementor-container elementor-column-gap-default\">\n\t\t\t\t\t<div class=\"has_ae_slider elementor-column elementor-col-100 elementor-top-column elementor-element elementor-element-4fa005c ae-bg-gallery-type-default\" data-id=\"4fa005c\" data-element_type=\"column\">\n\t\t\t<div class=\"elementor-widget-wrap elementor-element-populated\">\n\t\t\t\t\t\t\t\t<div class=\"elementor-element elementor-element-61ee87b elementor-widget elementor-widget-heading\" data-id=\"61ee87b\" data-element_type=\"widget\" data-widget_type=\"heading.default\">\n\t\t\t\t<div class=\"elementor-widget-container\">\n\t\t\t<style>\/*! elementor - v3.18.0 - 20-12-2023 *\/\n.elementor-heading-title{padding:0;margin:0;line-height:1}.elementor-widget-heading .elementor-heading-title[class*=elementor-size-]>a{color:inherit;font-size:inherit;line-height:inherit}.elementor-widget-heading .elementor-heading-title.elementor-size-small{font-size:15px}.elementor-widget-heading .elementor-heading-title.elementor-size-medium{font-size:19px}.elementor-widget-heading .elementor-heading-title.elementor-size-large{font-size:29px}.elementor-widget-heading .elementor-heading-title.elementor-size-xl{font-size:39px}.elementor-widget-heading .elementor-heading-title.elementor-size-xxl{font-size:59px}<\/style><h2 class=\"elementor-heading-title elementor-size-default\">Bro\u0161ure<\/h2>\t\t<\/div>\n\t\t\t\t<\/div>\n\t\t\t\t<section class=\"has_ae_slider elementor-section elementor-inner-section elementor-element elementor-element-b2dba87 elementor-section-boxed elementor-section-height-default elementor-section-height-default ae-bg-gallery-type-default\" data-id=\"b2dba87\" data-element_type=\"section\">\n\t\t\t\t\t\t<div class=\"elementor-container elementor-column-gap-default\">\n\t\t\t\t\t<div class=\"has_ae_slider elementor-column elementor-col-50 elementor-inner-column elementor-element elementor-element-4e8a162 ae-bg-gallery-type-default\" data-id=\"4e8a162\" data-element_type=\"column\">\n\t\t\t<div class=\"elementor-widget-wrap elementor-element-populated\">\n\t\t\t\t\t\t\t\t<div class=\"elementor-element elementor-element-0466b27 elementor-widget elementor-widget-heading\" data-id=\"0466b27\" data-element_type=\"widget\" data-widget_type=\"heading.default\">\n\t\t\t\t<div class=\"elementor-widget-container\">\n\t\t\t<h2 class=\"elementor-heading-title elementor-size-default\">Hrvatska godi\u0161nja dodjela nagrada za najbolja private equity i venture capital (PE&VC) ulaganja<\/h2>\t\t<\/div>\n\t\t\t\t<\/div>\n\t\t\t\t<div class=\"elementor-element elementor-element-5911997 elementor-widget elementor-widget-text-editor\" data-id=\"5911997\" data-element_type=\"widget\" data-widget_type=\"text-editor.default\">\n\t\t\t\t<div class=\"elementor-widget-container\">\n\t\t\t<style>\/*! elementor - v3.18.0 - 20-12-2023 *\/\n.elementor-widget-text-editor.elementor-drop-cap-view-stacked .elementor-drop-cap{background-color:#69727d;color:#fff}.elementor-widget-text-editor.elementor-drop-cap-view-framed .elementor-drop-cap{color:#69727d;border:3px solid;background-color:transparent}.elementor-widget-text-editor:not(.elementor-drop-cap-view-default) .elementor-drop-cap{margin-top:8px}.elementor-widget-text-editor:not(.elementor-drop-cap-view-default) .elementor-drop-cap-letter{width:1em;height:1em}.elementor-widget-text-editor .elementor-drop-cap{float:left;text-align:center;line-height:1;font-size:50px}.elementor-widget-text-editor .elementor-drop-cap-letter{display:inline-block}<\/style>\t\t\t\t<div class=\"text-block-21\">BestInvest Hrvatska, 6. srpnja 2022.<\/div>\t\t\t\t\t\t<\/div>\n\t\t\t\t<\/div>\n\t\t\t\t<div class=\"elementor-element elementor-element-5c3d042 elementor-align-center elementor-widget elementor-widget-button\" data-id=\"5c3d042\" data-element_type=\"widget\" data-widget_type=\"button.default\">\n\t\t\t\t<div class=\"elementor-widget-container\">\n\t\t\t\t\t<div class=\"elementor-button-wrapper\">\n\t\t\t<a class=\"elementor-button elementor-button-link elementor-size-sm\" href=\"https:\/\/cvca.hr\/wp-content\/uploads\/2022\/10\/BESTINVEST2022-HRbrosura.pdf\" target=\"_blank\" download=\"\">\n\t\t\t\t\t\t<span class=\"elementor-button-content-wrapper\">\n\t\t\t\t\t\t<span class=\"elementor-button-icon elementor-align-icon-right\">\n\t\t\t\t<i aria-hidden=\"true\" class=\"fas fa-file-pdf\"><\/i>\t\t\t<\/span>\n\t\t\t\t\t\t<span class=\"elementor-button-text\">Preuzmi bro\u0161uru<\/span>\n\t\t<\/span>\n\t\t\t\t\t<\/a>\n\t\t<\/div>\n\t\t\t\t<\/div>\n\t\t\t\t<\/div>\n\t\t\t\t<div class=\"elementor-element elementor-element-3b3df4c elementor-widget elementor-widget-image\" data-id=\"3b3df4c\" data-element_type=\"widget\" data-widget_type=\"image.default\">\n\t\t\t\t<div class=\"elementor-widget-container\">\n\t\t\t<style>\/*! elementor - v3.18.0 - 20-12-2023 *\/\n.elementor-widget-image{text-align:center}.elementor-widget-image a{display:inline-block}.elementor-widget-image a img[src$=\".svg\"]{width:48px}.elementor-widget-image img{vertical-align:middle;display:inline-block}<\/style>\t\t\t\t\t\t\t\t\t\t\t\t<img fetchpriority=\"high\" decoding=\"async\" width=\"487\" height=\"651\" src=\"https:\/\/cvca.hr\/wp-content\/uploads\/2022\/12\/bestinvesthr2022brosura.png\" class=\"attachment-large size-large wp-image-4261\" alt=\"\" srcset=\"https:\/\/cvca.hr\/wp-content\/uploads\/2022\/12\/bestinvesthr2022brosura.png 487w, https:\/\/cvca.hr\/wp-content\/uploads\/2022\/12\/bestinvesthr2022brosura-224x300.png 224w\" sizes=\"(max-width: 487px) 100vw, 487px\" \/>\t\t\t\t\t\t\t\t\t\t\t\t\t\t\t<\/div>\n\t\t\t\t<\/div>\n\t\t\t\t\t<\/div>\n\t\t<\/div>\n\t\t\t\t<div class=\"has_ae_slider elementor-column elementor-col-50 elementor-inner-column elementor-element elementor-element-33645b0 ae-bg-gallery-type-default\" data-id=\"33645b0\" data-element_type=\"column\">\n\t\t\t<div class=\"elementor-widget-wrap elementor-element-populated\">\n\t\t\t\t\t\t\t\t<div class=\"elementor-element elementor-element-fe3024f elementor-widget elementor-widget-heading\" data-id=\"fe3024f\" data-element_type=\"widget\" data-widget_type=\"heading.default\">\n\t\t\t\t<div class=\"elementor-widget-container\">\n\t\t\t<h2 class=\"elementor-heading-title elementor-size-default\">Hrvatska godi\u0161nja dodjela nagrada za najbolja private equity i venture capital (PE&VC) ulaganja<\/h2>\t\t<\/div>\n\t\t\t\t<\/div>\n\t\t\t\t<div class=\"elementor-element elementor-element-1c34a3a elementor-widget elementor-widget-text-editor\" data-id=\"1c34a3a\" data-element_type=\"widget\" data-widget_type=\"text-editor.default\">\n\t\t\t\t<div class=\"elementor-widget-container\">\n\t\t\t\t\t\t\t<div class=\"text-block-21\">BestInvest Hrvatska, 6. srpnja 2021.<\/div>\t\t\t\t\t\t<\/div>\n\t\t\t\t<\/div>\n\t\t\t\t<div class=\"elementor-element elementor-element-2dfb599 elementor-align-center elementor-widget elementor-widget-button\" data-id=\"2dfb599\" data-element_type=\"widget\" data-widget_type=\"button.default\">\n\t\t\t\t<div class=\"elementor-widget-container\">\n\t\t\t\t\t<div class=\"elementor-button-wrapper\">\n\t\t\t<a class=\"elementor-button elementor-button-link elementor-size-sm\" href=\"https:\/\/cvca.hr\/wp-content\/uploads\/2022\/10\/BestInvest-Brosura2021_FINAL_HR.pdf\" download=\"\">\n\t\t\t\t\t\t<span class=\"elementor-button-content-wrapper\">\n\t\t\t\t\t\t<span class=\"elementor-button-icon elementor-align-icon-right\">\n\t\t\t\t<i aria-hidden=\"true\" class=\"fas fa-file-pdf\"><\/i>\t\t\t<\/span>\n\t\t\t\t\t\t<span class=\"elementor-button-text\">Preuzmi bro\u0161uru<\/span>\n\t\t<\/span>\n\t\t\t\t\t<\/a>\n\t\t<\/div>\n\t\t\t\t<\/div>\n\t\t\t\t<\/div>\n\t\t\t\t<div class=\"elementor-element elementor-element-7171e88 elementor-widget elementor-widget-image\" data-id=\"7171e88\" data-element_type=\"widget\" data-widget_type=\"image.default\">\n\t\t\t\t<div class=\"elementor-widget-container\">\n\t\t\t\t\t\t\t\t\t\t\t\t\t\t\t<img decoding=\"async\" width=\"500\" height=\"656\" src=\"https:\/\/cvca.hr\/wp-content\/uploads\/2022\/01\/60e72dbd24c3421c1b85db8c_bestinves-brochure-p-500.png\" class=\"attachment-large size-large wp-image-476\" alt=\"Brochure BestInvest 2021\" srcset=\"https:\/\/cvca.hr\/wp-content\/uploads\/2022\/01\/60e72dbd24c3421c1b85db8c_bestinves-brochure-p-500.png 500w, https:\/\/cvca.hr\/wp-content\/uploads\/2022\/01\/60e72dbd24c3421c1b85db8c_bestinves-brochure-p-500-229x300.png 229w\" sizes=\"(max-width: 500px) 100vw, 500px\" \/>\t\t\t\t\t\t\t\t\t\t\t\t\t\t\t<\/div>\n\t\t\t\t<\/div>\n\t\t\t\t\t<\/div>\n\t\t<\/div>\n\t\t\t\t\t\t\t<\/div>\n\t\t<\/section>\n\t\t\t\t<section class=\"has_ae_slider elementor-section elementor-inner-section elementor-element elementor-element-d76f14e elementor-section-boxed elementor-section-height-default elementor-section-height-default ae-bg-gallery-type-default\" data-id=\"d76f14e\" data-element_type=\"section\">\n\t\t\t\t\t\t<div class=\"elementor-container elementor-column-gap-default\">\n\t\t\t\t\t<div class=\"has_ae_slider elementor-column elementor-col-50 elementor-inner-column elementor-element elementor-element-ab2e464 ae-bg-gallery-type-default\" data-id=\"ab2e464\" data-element_type=\"column\">\n\t\t\t<div class=\"elementor-widget-wrap elementor-element-populated\">\n\t\t\t\t\t\t\t\t<div class=\"elementor-element elementor-element-0cde504 elementor-widget elementor-widget-heading\" data-id=\"0cde504\" data-element_type=\"widget\" data-widget_type=\"heading.default\">\n\t\t\t\t<div class=\"elementor-widget-container\">\n\t\t\t<h2 class=\"elementor-heading-title elementor-size-default\">Kako financirati poslovanje fondovima rizi\u010dnog kapitala?<\/h2>\t\t<\/div>\n\t\t\t\t<\/div>\n\t\t\t\t<div class=\"elementor-element elementor-element-7b86a7b elementor-align-center elementor-widget elementor-widget-button\" data-id=\"7b86a7b\" data-element_type=\"widget\" data-widget_type=\"button.default\">\n\t\t\t\t<div class=\"elementor-widget-container\">\n\t\t\t\t\t<div class=\"elementor-button-wrapper\">\n\t\t\t<a class=\"elementor-button elementor-button-link elementor-size-sm\" href=\"https:\/\/cvca.hr\/wp-content\/uploads\/2022\/01\/Kako-financirati-poslovanje-rizicnoga-kapitala.pdf\" download=\"\">\n\t\t\t\t\t\t<span class=\"elementor-button-content-wrapper\">\n\t\t\t\t\t\t<span class=\"elementor-button-icon elementor-align-icon-right\">\n\t\t\t\t<i aria-hidden=\"true\" class=\"fas fa-file-pdf\"><\/i>\t\t\t<\/span>\n\t\t\t\t\t\t<span class=\"elementor-button-text\">Preuzmi bro\u0161uru<\/span>\n\t\t<\/span>\n\t\t\t\t\t<\/a>\n\t\t<\/div>\n\t\t\t\t<\/div>\n\t\t\t\t<\/div>\n\t\t\t\t<div class=\"elementor-element elementor-element-bf43d19 elementor-widget elementor-widget-image\" data-id=\"bf43d19\" data-element_type=\"widget\" data-widget_type=\"image.default\">\n\t\t\t\t<div class=\"elementor-widget-container\">\n\t\t\t\t\t\t\t\t\t\t\t\t\t\t\t<img decoding=\"async\" width=\"471\" height=\"686\" src=\"https:\/\/cvca.hr\/wp-content\/uploads\/2022\/01\/60817be72e44d40d8924155a_CVCA-publiikacija-.png\" class=\"attachment-large size-large wp-image-478\" alt=\"Kako financirati poslovanje fondovima rizi\u010dnog kapitala\" srcset=\"https:\/\/cvca.hr\/wp-content\/uploads\/2022\/01\/60817be72e44d40d8924155a_CVCA-publiikacija-.png 471w, https:\/\/cvca.hr\/wp-content\/uploads\/2022\/01\/60817be72e44d40d8924155a_CVCA-publiikacija--206x300.png 206w\" sizes=\"(max-width: 471px) 100vw, 471px\" \/>\t\t\t\t\t\t\t\t\t\t\t\t\t\t\t<\/div>\n\t\t\t\t<\/div>\n\t\t\t\t\t<\/div>\n\t\t<\/div>\n\t\t\t\t<div class=\"has_ae_slider elementor-column elementor-col-50 elementor-inner-column elementor-element elementor-element-5c643dd ae-bg-gallery-type-default\" data-id=\"5c643dd\" data-element_type=\"column\">\n\t\t\t<div class=\"elementor-widget-wrap\">\n\t\t\t\t\t\t\t\t\t<\/div>\n\t\t<\/div>\n\t\t\t\t\t\t\t<\/div>\n\t\t<\/section>\n\t\t\t\t\t<\/div>\n\t\t<\/div>\n\t\t\t\t\t\t\t<\/div>\n\t\t<\/section>\n\t\t\t\t\t\t\t<\/div>\n\t\t","protected":false},"excerpt":{"rendered":"<p>Bro\u0161ure Hrvatska godi\u0161nja dodjela nagrada za najbolja private equity i venture capital (PE&#038;VC) ulaganja BestInvest Hrvatska, 6. srpnja 2022. Preuzmi bro\u0161uru Hrvatska godi\u0161nja dodjela nagrada za najbolja private equity i venture capital (PE&#038;VC) ulaganja BestInvest Hrvatska, 6. srpnja 2021. Preuzmi bro\u0161uru Kako financirati poslovanje fondovima rizi\u010dnog kapitala? Preuzmi bro\u0161uru<\/p>\n","protected":false},"author":1,"featured_media":0,"parent":0,"menu_order":0,"comment_status":"closed","ping_status":"closed","template":"","meta":{"footnotes":""},"class_list":["post-1299","page","type-page","status-publish","hentry"],"acf":[],"yoast_head":"<!-- This site is optimized with the Yoast SEO Premium plugin v21.7 (Yoast SEO v21.8) - https:\/\/yoast.com\/wordpress\/plugins\/seo\/ -->\n<title>Bro\u0161ure - CVCA<\/title>\n<meta name=\"description\" content=\"Pozdravljamo na\u0161e \u010dlanove i one zainteresirane za private equity i venture kapital da pro\u010ditaju na\u0161e bro\u0161ure o BestInvestu, PE&amp;VC financiranju.\" \/>\n<meta name=\"robots\" content=\"index, follow, max-snippet:-1, max-image-preview:large, max-video-preview:-1\" \/>\n<link rel=\"canonical\" href=\"https:\/\/cvca.hr\/brochures\/\" \/>\n<meta property=\"og:locale\" content=\"hr_HR\" \/>\n<meta property=\"og:type\" content=\"article\" \/>\n<meta property=\"og:title\" content=\"Bro\u0161ure\" \/>\n<meta property=\"og:description\" content=\"Pozdravljamo na\u0161e \u010dlanove i one zainteresirane za private equity i venture kapital da pro\u010ditaju na\u0161e bro\u0161ure o BestInvestu, PE&amp;VC financiranju.\" \/>\n<meta property=\"og:url\" content=\"https:\/\/cvca.hr\/brochures\/\" \/>\n<meta property=\"og:site_name\" content=\"CVCA\" \/>\n<meta property=\"article:publisher\" content=\"https:\/\/www.facebook.com\/cvca.hr\" \/>\n<meta property=\"article:modified_time\" content=\"2022-12-08T11:22:48+00:00\" \/>\n<meta property=\"og:image\" content=\"https:\/\/cvca.hr\/wp-content\/uploads\/2022\/12\/bestinvesthr2022brosura.png\" \/>\n<meta name=\"twitter:card\" content=\"summary_large_image\" \/>\n<meta name=\"twitter:site\" content=\"@cvca_hr\" \/>\n<meta name=\"twitter:label1\" content=\"Procijenjeno vrijeme \u010ditanja\" \/>\n\t<meta name=\"twitter:data1\" content=\"1 minuta\" \/>\n<script type=\"application\/ld+json\" class=\"yoast-schema-graph\">{\"@context\":\"https:\/\/schema.org\",\"@graph\":[{\"@type\":\"WebPage\",\"@id\":\"https:\/\/cvca.hr\/brochures\/\",\"url\":\"https:\/\/cvca.hr\/brochures\/\",\"name\":\"Bro\u0161ure - CVCA\",\"isPartOf\":{\"@id\":\"https:\/\/cvca.hr\/#website\"},\"datePublished\":\"2022-01-04T15:13:53+00:00\",\"dateModified\":\"2022-12-08T11:22:48+00:00\",\"description\":\"Pozdravljamo na\u0161e \u010dlanove i one zainteresirane za private equity i venture kapital da pro\u010ditaju na\u0161e bro\u0161ure o BestInvestu, PE&VC financiranju.\",\"breadcrumb\":{\"@id\":\"https:\/\/cvca.hr\/brochures\/#breadcrumb\"},\"inLanguage\":\"hr\",\"potentialAction\":[{\"@type\":\"ReadAction\",\"target\":[\"https:\/\/cvca.hr\/brochures\/\"]}]},{\"@type\":\"BreadcrumbList\",\"@id\":\"https:\/\/cvca.hr\/brochures\/#breadcrumb\",\"itemListElement\":[{\"@type\":\"ListItem\",\"position\":1,\"name\":\"Home\",\"item\":\"https:\/\/cvca.hr\/\"},{\"@type\":\"ListItem\",\"position\":2,\"name\":\"Bro\u0161ure\"}]},{\"@type\":\"WebSite\",\"@id\":\"https:\/\/cvca.hr\/#website\",\"url\":\"https:\/\/cvca.hr\/\",\"name\":\"CVCA\",\"description\":\"Croatian Private Equity and Venture Capital Association\",\"publisher\":{\"@id\":\"https:\/\/cvca.hr\/#organization\"},\"potentialAction\":[{\"@type\":\"SearchAction\",\"target\":{\"@type\":\"EntryPoint\",\"urlTemplate\":\"https:\/\/cvca.hr\/?s={search_term_string}\"},\"query-input\":\"required name=search_term_string\"}],\"inLanguage\":\"hr\"},{\"@type\":\"Organization\",\"@id\":\"https:\/\/cvca.hr\/#organization\",\"name\":\"CVCA\",\"url\":\"https:\/\/cvca.hr\/\",\"logo\":{\"@type\":\"ImageObject\",\"inLanguage\":\"hr\",\"@id\":\"https:\/\/cvca.hr\/#\/schema\/logo\/image\/\",\"url\":\"https:\/\/cvca.hr\/wp-content\/uploads\/2021\/12\/cvca-logo.png\",\"contentUrl\":\"https:\/\/cvca.hr\/wp-content\/uploads\/2021\/12\/cvca-logo.png\",\"width\":500,\"height\":127,\"caption\":\"CVCA\"},\"image\":{\"@id\":\"https:\/\/cvca.hr\/#\/schema\/logo\/image\/\"},\"sameAs\":[\"https:\/\/www.facebook.com\/cvca.hr\",\"https:\/\/twitter.com\/cvca_hr\",\"https:\/\/www.linkedin.com\/company\/52162469\/\"]}]}<\/script>\n<!-- \/ Yoast SEO Premium plugin. -->","yoast_head_json":{"title":"Bro\u0161ure - CVCA","description":"Pozdravljamo na\u0161e \u010dlanove i one zainteresirane za private equity i venture kapital da pro\u010ditaju na\u0161e bro\u0161ure o BestInvestu, PE&VC financiranju.","robots":{"index":"index","follow":"follow","max-snippet":"max-snippet:-1","max-image-preview":"max-image-preview:large","max-video-preview":"max-video-preview:-1"},"canonical":"https:\/\/cvca.hr\/brochures\/","og_locale":"hr_HR","og_type":"article","og_title":"Bro\u0161ure","og_description":"Pozdravljamo na\u0161e \u010dlanove i one zainteresirane za private equity i venture kapital da pro\u010ditaju na\u0161e bro\u0161ure o BestInvestu, PE&VC financiranju.","og_url":"https:\/\/cvca.hr\/brochures\/","og_site_name":"CVCA","article_publisher":"https:\/\/www.facebook.com\/cvca.hr","article_modified_time":"2022-12-08T11:22:48+00:00","og_image":[{"url":"https:\/\/cvca.hr\/wp-content\/uploads\/2022\/12\/bestinvesthr2022brosura.png"}],"twitter_card":"summary_large_image","twitter_site":"@cvca_hr","twitter_misc":{"Procijenjeno vrijeme \u010ditanja":"1 minuta"},"schema":{"@context":"https:\/\/schema.org","@graph":[{"@type":"WebPage","@id":"https:\/\/cvca.hr\/brochures\/","url":"https:\/\/cvca.hr\/brochures\/","name":"Bro\u0161ure - CVCA","isPartOf":{"@id":"https:\/\/cvca.hr\/#website"},"datePublished":"2022-01-04T15:13:53+00:00","dateModified":"2022-12-08T11:22:48+00:00","description":"Pozdravljamo na\u0161e \u010dlanove i one zainteresirane za private equity i venture kapital da pro\u010ditaju na\u0161e bro\u0161ure o BestInvestu, PE&VC financiranju.","breadcrumb":{"@id":"https:\/\/cvca.hr\/brochures\/#breadcrumb"},"inLanguage":"hr","potentialAction":[{"@type":"ReadAction","target":["https:\/\/cvca.hr\/brochures\/"]}]},{"@type":"BreadcrumbList","@id":"https:\/\/cvca.hr\/brochures\/#breadcrumb","itemListElement":[{"@type":"ListItem","position":1,"name":"Home","item":"https:\/\/cvca.hr\/"},{"@type":"ListItem","position":2,"name":"Bro\u0161ure"}]},{"@type":"WebSite","@id":"https:\/\/cvca.hr\/#website","url":"https:\/\/cvca.hr\/","name":"CVCA","description":"Croatian Private Equity and Venture Capital Association","publisher":{"@id":"https:\/\/cvca.hr\/#organization"},"potentialAction":[{"@type":"SearchAction","target":{"@type":"EntryPoint","urlTemplate":"https:\/\/cvca.hr\/?s={search_term_string}"},"query-input":"required name=search_term_string"}],"inLanguage":"hr"},{"@type":"Organization","@id":"https:\/\/cvca.hr\/#organization","name":"CVCA","url":"https:\/\/cvca.hr\/","logo":{"@type":"ImageObject","inLanguage":"hr","@id":"https:\/\/cvca.hr\/#\/schema\/logo\/image\/","url":"https:\/\/cvca.hr\/wp-content\/uploads\/2021\/12\/cvca-logo.png","contentUrl":"https:\/\/cvca.hr\/wp-content\/uploads\/2021\/12\/cvca-logo.png","width":500,"height":127,"caption":"CVCA"},"image":{"@id":"https:\/\/cvca.hr\/#\/schema\/logo\/image\/"},"sameAs":["https:\/\/www.facebook.com\/cvca.hr","https:\/\/twitter.com\/cvca_hr","https:\/\/www.linkedin.com\/company\/52162469\/"]}]}},"_links":{"self":[{"href":"https:\/\/cvca.hr\/hr\/wp-json\/wp\/v2\/pages\/1299","targetHints":{"allow":["GET"]}}],"collection":[{"href":"https:\/\/cvca.hr\/hr\/wp-json\/wp\/v2\/pages"}],"about":[{"href":"https:\/\/cvca.hr\/hr\/wp-json\/wp\/v2\/types\/page"}],"author":[{"embeddable":true,"href":"https:\/\/cvca.hr\/hr\/wp-json\/wp\/v2\/users\/1"}],"replies":[{"embeddable":true,"href":"https:\/\/cvca.hr\/hr\/wp-json\/wp\/v2\/comments?post=1299"}],"version-history":[{"count":0,"href":"https:\/\/cvca.hr\/hr\/wp-json\/wp\/v2\/pages\/1299\/revisions"}],"wp:attachment":[{"href":"https:\/\/cvca.hr\/hr\/wp-json\/wp\/v2\/media?parent=1299"}],"curies":[{"name":"wp","href":"https:\/\/api.w.org\/{rel}","templated":true}]}}