{"id":1318,"date":"2022-01-11T12:06:35","date_gmt":"2022-01-11T12:06:35","guid":{"rendered":"https:\/\/cvca.hr\/rjecnik-kljucnih-rijeci\/"},"modified":"2022-02-07T09:13:26","modified_gmt":"2022-02-07T09:13:26","slug":"rjecnik-kljucnih-rijeci","status":"publish","type":"page","link":"https:\/\/cvca.hr\/hr\/rjecnik-kljucnih-rijeci\/","title":{"rendered":"Rje\u010dnik klju\u010dnih rije\u010di"},"content":{"rendered":"\t\t<div data-elementor-type=\"wp-page\" data-elementor-id=\"1318\" class=\"elementor elementor-1318 elementor-495\" data-elementor-post-type=\"page\">\n\t\t\t\t\t\t\t\t\t<section class=\"has_ae_slider elementor-section elementor-top-section elementor-element elementor-element-f79616b elementor-section-content-bottom elementor-reverse-mobile elementor-section-boxed elementor-section-height-default elementor-section-height-default ae-bg-gallery-type-default\" data-id=\"f79616b\" data-element_type=\"section\">\n\t\t\t\t\t\t<div class=\"elementor-container elementor-column-gap-default\">\n\t\t\t\t\t<div class=\"has_ae_slider elementor-column elementor-col-50 elementor-top-column elementor-element elementor-element-4fa005c ae-bg-gallery-type-default\" data-id=\"4fa005c\" data-element_type=\"column\">\n\t\t\t<div class=\"elementor-widget-wrap elementor-element-populated\">\n\t\t\t\t\t\t\t\t<div class=\"elementor-element elementor-element-61ee87b elementor-widget elementor-widget-heading\" data-id=\"61ee87b\" data-element_type=\"widget\" data-widget_type=\"heading.default\">\n\t\t\t\t<div class=\"elementor-widget-container\">\n\t\t\t<style>\/*! elementor - v3.18.0 - 20-12-2023 *\/\n.elementor-heading-title{padding:0;margin:0;line-height:1}.elementor-widget-heading .elementor-heading-title[class*=elementor-size-]>a{color:inherit;font-size:inherit;line-height:inherit}.elementor-widget-heading .elementor-heading-title.elementor-size-small{font-size:15px}.elementor-widget-heading .elementor-heading-title.elementor-size-medium{font-size:19px}.elementor-widget-heading .elementor-heading-title.elementor-size-large{font-size:29px}.elementor-widget-heading .elementor-heading-title.elementor-size-xl{font-size:39px}.elementor-widget-heading .elementor-heading-title.elementor-size-xxl{font-size:59px}<\/style><h2 class=\"elementor-heading-title elementor-size-default\">Rje\u010dnik klju\u010dnih rije\u010di<\/h2>\t\t<\/div>\n\t\t\t\t<\/div>\n\t\t\t\t<div class=\"elementor-element elementor-element-7488fca elementor-widget elementor-widget-heading\" data-id=\"7488fca\" data-element_type=\"widget\" data-widget_type=\"heading.default\">\n\t\t\t\t<div class=\"elementor-widget-container\">\n\t\t\t<h2 class=\"elementor-heading-title elementor-size-default\">V. CVIJANOVIC, MAROVIC, M. & SRUK, B.: FINANCIRANJE MALIH I SREDNJIH PODUZE\u0106A(BIONZA PRESS, 2008)<\/h2>\t\t<\/div>\n\t\t\t\t<\/div>\n\t\t\t\t<div class=\"elementor-element elementor-element-fecb782 elementor-widget elementor-widget-text-editor\" data-id=\"fecb782\" data-element_type=\"widget\" data-widget_type=\"text-editor.default\">\n\t\t\t\t<div class=\"elementor-widget-container\">\n\t\t\t<style>\/*! elementor - v3.18.0 - 20-12-2023 *\/\n.elementor-widget-text-editor.elementor-drop-cap-view-stacked .elementor-drop-cap{background-color:#69727d;color:#fff}.elementor-widget-text-editor.elementor-drop-cap-view-framed .elementor-drop-cap{color:#69727d;border:3px solid;background-color:transparent}.elementor-widget-text-editor:not(.elementor-drop-cap-view-default) .elementor-drop-cap{margin-top:8px}.elementor-widget-text-editor:not(.elementor-drop-cap-view-default) .elementor-drop-cap-letter{width:1em;height:1em}.elementor-widget-text-editor .elementor-drop-cap{float:left;text-align:center;line-height:1;font-size:50px}.elementor-widget-text-editor .elementor-drop-cap-letter{display:inline-block}<\/style>\t\t\t\t<div class=\"text-block-21\">\n<p>Private Equity i Venture Kapital fondovi (eng. private equity\/venture capital funds): po hrvatskom zakonodavstvu nazivaju se otvoreni investicijski fondovi rizi\u010dnog kapitala s privatnom ponudom. Iako sami fondovi nemaju pravnu osobnost (njima upravljaju dru\u0161tva za upravljanje) obi\u010dno se upravo njih isti\u010de kao \u201eigra\u010de\u201c koji upravljaju znatnom koli\u010dinom kapitala. Ula\u017eu u perspektivna poduze\u0107a sa visokim potencijalom rasta na srednji i dugi rok (prosje\u010dno 5 godina) te sa jasno definiranom izlaznom strategijom. Iako po hrvatskom zakonu izme\u0111u Private Equity i Venture Kapital fondova ne postoji razlika, treba istaknuti da je Private Equity fond \u0161iri pojam, a Venture Kapital fond u\u017ei. Venture Capital se u pravilu odnosi na financiranje poduze\u0107a u ranoj fazi razvoja i fazi ekspanzije, a Private Equity kao \u0161iri pojam obuhva\u0107a Venture Kapital ulaganje i dodatno preuzimanja. Venture Kapital ulaganje uklju\u010duje i aktivno sudjelovanje u menad\u017ementu nerijetko uklju\u010duje i promjenu strategije poslovanja, menad\u017ementa, restrukturiranje financiranja (zamjena udjela kapitala za dug ili obrnuto), dokapitalizaciju i sli\u010dno. Tipi\u010dna investicija u Hrvatskoj u ovoj fazi ulaganja ve\u0107a je od 500 tisu\u0107a eura. U Hrvatskoj djeluje Hrvatska Private Equity i Venture Capital Asocijacija (<a href=\"http:\/\/www.cvca.hr\/\" target=\"_blank\" rel=\"noopener\">www.cvca.hr<\/a>) sa ciljem promoviranja Private Equity i Venture Kapital ulaganja.\u200b<\/p>\n<\/div>\n\t\t\t\t\t\t<\/div>\n\t\t\t\t<\/div>\n\t\t\t\t\t<\/div>\n\t\t<\/div>\n\t\t\t\t<div class=\"has_ae_slider elementor-column elementor-col-50 elementor-top-column elementor-element elementor-element-ff17d1c ae-bg-gallery-type-default\" data-id=\"ff17d1c\" data-element_type=\"column\">\n\t\t\t<div class=\"elementor-widget-wrap elementor-element-populated\">\n\t\t\t\t\t\t\t\t<div class=\"elementor-element elementor-element-1131487 elementor-widget elementor-widget-image\" data-id=\"1131487\" data-element_type=\"widget\" data-widget_type=\"image.default\">\n\t\t\t\t<div class=\"elementor-widget-container\">\n\t\t\t<style>\/*! elementor - v3.18.0 - 20-12-2023 *\/\n.elementor-widget-image{text-align:center}.elementor-widget-image a{display:inline-block}.elementor-widget-image a img[src$=\".svg\"]{width:48px}.elementor-widget-image img{vertical-align:middle;display:inline-block}<\/style>\t\t\t\t\t\t\t\t\t\t\t\t<img fetchpriority=\"high\" decoding=\"async\" width=\"300\" height=\"365\" src=\"https:\/\/cvca.hr\/wp-content\/uploads\/2022\/01\/Financiranje-malih-i-srednjih-poduzeca.jpg\" class=\"attachment-large size-large wp-image-497\" alt=\"\" srcset=\"https:\/\/cvca.hr\/wp-content\/uploads\/2022\/01\/Financiranje-malih-i-srednjih-poduzeca.jpg 300w, https:\/\/cvca.hr\/wp-content\/uploads\/2022\/01\/Financiranje-malih-i-srednjih-poduzeca-247x300.jpg 247w\" sizes=\"(max-width: 300px) 100vw, 300px\" \/>\t\t\t\t\t\t\t\t\t\t\t\t\t\t\t<\/div>\n\t\t\t\t<\/div>\n\t\t\t\t\t<\/div>\n\t\t<\/div>\n\t\t\t\t\t\t\t<\/div>\n\t\t<\/section>\n\t\t\t\t<section class=\"has_ae_slider elementor-section elementor-top-section elementor-element elementor-element-30467ec elementor-section-boxed elementor-section-height-default elementor-section-height-default ae-bg-gallery-type-default\" data-id=\"30467ec\" data-element_type=\"section\">\n\t\t\t\t\t\t<div class=\"elementor-container elementor-column-gap-default\">\n\t\t\t\t\t<div class=\"has_ae_slider elementor-column elementor-col-100 elementor-top-column elementor-element elementor-element-21c057f ae-bg-gallery-type-default\" data-id=\"21c057f\" data-element_type=\"column\">\n\t\t\t<div class=\"elementor-widget-wrap elementor-element-populated\">\n\t\t\t\t\t\t\t\t<div class=\"elementor-element elementor-element-7d5098c elementor-widget elementor-widget-text-editor\" data-id=\"7d5098c\" data-element_type=\"widget\" data-widget_type=\"text-editor.default\">\n\t\t\t\t<div class=\"elementor-widget-container\">\n\t\t\t\t\t\t\t<div class=\"text-block-21\">\n<p>Financiranje razvoja poduze\u0107a prikazati prema fazama razvoja:<br \/>\n(i) \u00a0eksperimentalna ili sjemenska faza (eng. seed)<br \/>\n(ii) \u00a0po\u010detna faza (eng. start-up)<br \/>\n(iii) faza ekspanzije (eng. expansion)<br \/>\n(iv) faza dokapitalizacije<br \/>\n(v) \u00a0faza preuzimanja (eng. buyout, prodaja ve\u0107inskog udjela poduze\u0107a)<\/p>\n<\/div>\n\t\t\t\t\t\t<\/div>\n\t\t\t\t<\/div>\n\t\t\t\t\t<\/div>\n\t\t<\/div>\n\t\t\t\t\t\t\t<\/div>\n\t\t<\/section>\n\t\t\t\t<section class=\"has_ae_slider elementor-section elementor-top-section elementor-element elementor-element-550a5a0 elementor-section-content-bottom elementor-reverse-mobile elementor-section-boxed elementor-section-height-default elementor-section-height-default ae-bg-gallery-type-default\" data-id=\"550a5a0\" data-element_type=\"section\">\n\t\t\t\t\t\t<div class=\"elementor-container elementor-column-gap-default\">\n\t\t\t\t\t<div class=\"has_ae_slider elementor-column elementor-col-50 elementor-top-column elementor-element elementor-element-5aaf5ad ae-bg-gallery-type-default\" data-id=\"5aaf5ad\" data-element_type=\"column\">\n\t\t\t<div class=\"elementor-widget-wrap elementor-element-populated\">\n\t\t\t\t\t\t\t\t<div class=\"elementor-element elementor-element-abe357c elementor-widget elementor-widget-heading\" data-id=\"abe357c\" data-element_type=\"widget\" data-widget_type=\"heading.default\">\n\t\t\t\t<div class=\"elementor-widget-container\">\n\t\t\t<h2 class=\"elementor-heading-title elementor-size-default\">Financiranje razvoja poduze\u0107a<\/h2>\t\t<\/div>\n\t\t\t\t<\/div>\n\t\t\t\t<div class=\"elementor-element elementor-element-dbedb0f elementor-widget elementor-widget-text-editor\" data-id=\"dbedb0f\" data-element_type=\"widget\" data-widget_type=\"text-editor.default\">\n\t\t\t\t<div class=\"elementor-widget-container\">\n\t\t\t\t\t\t\t<div class=\"text-block-21\">\n<p>Poslovni an\u0111eli (eng. business angels): fizi\u010dke osobe koje ula\u017eu znatne iznose novca izravno u nova, perspektivna propulzivna poduze\u0107a. Osim kapitala ula\u017eu znanje i iskustvo te su aktivne u upravljanju poduze\u0107em. U Hrvatskoj je nedavno osnovana Hrvatska mre\u017ea poslovnih an\u0111ela CRANE (<a href=\"http:\/\/www.crane.hr\/\" target=\"_blank\" rel=\"noopener\">www.crane.hr<\/a>). Iznosi tih neformalnih venture capital investicija u Hrvatskoj kre\u0107u se izme\u0111u 100 i 500 tisu\u0107a eura.<\/p>\n<p>Poslovni plan (eng. business plan): plan pokretanja i obavljanja poslovne aktivnosti namijenjen potencijalnim ulaga\u010dima u projekt, i koji sadr\u017ei podatke o osnivanju poduze\u0107a, njegovu misiju, viziju i ciljeve, analizu industrije i tr\u017ei\u0161ta na kojem \u0107e poduze\u0107e poslovati, razradu strategije koju \u0107e primjenjivati kako bi steklo i zadr\u017ealo komparativnu prednost u poslovanju te detaljnu projekciju financijskog plana.<\/p>\n<\/div>\n\t\t\t\t\t\t<\/div>\n\t\t\t\t<\/div>\n\t\t\t\t\t<\/div>\n\t\t<\/div>\n\t\t\t\t<div class=\"has_ae_slider elementor-column elementor-col-50 elementor-top-column elementor-element elementor-element-398a779 ae-bg-gallery-type-default\" data-id=\"398a779\" data-element_type=\"column\">\n\t\t\t<div class=\"elementor-widget-wrap elementor-element-populated\">\n\t\t\t\t\t\t\t\t<div class=\"elementor-element elementor-element-71be237 elementor-widget elementor-widget-image\" data-id=\"71be237\" data-element_type=\"widget\" data-widget_type=\"image.default\">\n\t\t\t\t<div class=\"elementor-widget-container\">\n\t\t\t\t\t\t\t\t\t\t\t\t\t\t\t<img decoding=\"async\" width=\"540\" height=\"345\" src=\"https:\/\/cvca.hr\/wp-content\/uploads\/2022\/01\/financiranje-razvoja-poduzeca.gif\" class=\"attachment-large size-large wp-image-499\" alt=\"\" \/>\t\t\t\t\t\t\t\t\t\t\t\t\t\t\t<\/div>\n\t\t\t\t<\/div>\n\t\t\t\t\t<\/div>\n\t\t<\/div>\n\t\t\t\t\t\t\t<\/div>\n\t\t<\/section>\n\t\t\t\t\t\t\t<\/div>\n\t\t","protected":false},"excerpt":{"rendered":"<p>Rje\u010dnik klju\u010dnih rije\u010di V. CVIJANOVIC, MAROVIC, M. &#038; SRUK, B.: FINANCIRANJE MALIH I SREDNJIH PODUZE\u0106A(BIONZA PRESS, 2008) Private Equity i Venture Kapital fondovi (eng. private equity\/venture capital funds): po hrvatskom zakonodavstvu nazivaju se otvoreni investicijski fondovi rizi\u010dnog kapitala s privatnom ponudom. Iako sami fondovi nemaju pravnu osobnost (njima upravljaju dru\u0161tva za upravljanje) obi\u010dno se upravo [&hellip;]<\/p>\n","protected":false},"author":1,"featured_media":0,"parent":0,"menu_order":0,"comment_status":"closed","ping_status":"closed","template":"","meta":{"footnotes":""},"class_list":["post-1318","page","type-page","status-publish","hentry"],"acf":[],"yoast_head":"<!-- This site is optimized with the Yoast SEO Premium plugin v21.7 (Yoast SEO v21.8) - https:\/\/yoast.com\/wordpress\/plugins\/seo\/ -->\n<title>Rje\u010dnik klju\u010dnih rije\u010di - CVCA<\/title>\n<meta name=\"robots\" content=\"index, follow, max-snippet:-1, max-image-preview:large, max-video-preview:-1\" \/>\n<link rel=\"canonical\" href=\"https:\/\/cvca.hr\/glossary-of-key-terms\/\" \/>\n<meta property=\"og:locale\" content=\"hr_HR\" \/>\n<meta property=\"og:type\" content=\"article\" \/>\n<meta property=\"og:title\" content=\"Rje\u010dnik klju\u010dnih rije\u010di\" \/>\n<meta property=\"og:description\" content=\"Rje\u010dnik klju\u010dnih rije\u010di V. CVIJANOVIC, MAROVIC, M. &#038; SRUK, B.: FINANCIRANJE MALIH I SREDNJIH PODUZE\u0106A(BIONZA PRESS, 2008) Private Equity i Venture Kapital fondovi (eng. private equity\/venture capital funds): po hrvatskom zakonodavstvu nazivaju se otvoreni investicijski fondovi rizi\u010dnog kapitala s privatnom ponudom. Iako sami fondovi nemaju pravnu osobnost (njima upravljaju dru\u0161tva za upravljanje) obi\u010dno se upravo [&hellip;]\" \/>\n<meta property=\"og:url\" content=\"https:\/\/cvca.hr\/glossary-of-key-terms\/\" \/>\n<meta property=\"og:site_name\" content=\"CVCA\" \/>\n<meta property=\"article:publisher\" content=\"https:\/\/www.facebook.com\/cvca.hr\" \/>\n<meta property=\"article:modified_time\" content=\"2022-02-07T09:13:26+00:00\" \/>\n<meta property=\"og:image\" content=\"https:\/\/cvca.hr\/wp-content\/uploads\/2022\/01\/Financiranje-malih-i-srednjih-poduzeca.jpg\" \/>\n<meta name=\"twitter:card\" content=\"summary_large_image\" \/>\n<meta name=\"twitter:site\" content=\"@cvca_hr\" \/>\n<meta name=\"twitter:label1\" content=\"Procijenjeno vrijeme \u010ditanja\" \/>\n\t<meta name=\"twitter:data1\" content=\"2 minute\" \/>\n<script type=\"application\/ld+json\" class=\"yoast-schema-graph\">{\"@context\":\"https:\/\/schema.org\",\"@graph\":[{\"@type\":\"WebPage\",\"@id\":\"https:\/\/cvca.hr\/glossary-of-key-terms\/\",\"url\":\"https:\/\/cvca.hr\/glossary-of-key-terms\/\",\"name\":\"Rje\u010dnik klju\u010dnih rije\u010di - CVCA\",\"isPartOf\":{\"@id\":\"https:\/\/cvca.hr\/#website\"},\"datePublished\":\"2022-01-11T12:06:35+00:00\",\"dateModified\":\"2022-02-07T09:13:26+00:00\",\"breadcrumb\":{\"@id\":\"https:\/\/cvca.hr\/glossary-of-key-terms\/#breadcrumb\"},\"inLanguage\":\"hr\",\"potentialAction\":[{\"@type\":\"ReadAction\",\"target\":[\"https:\/\/cvca.hr\/glossary-of-key-terms\/\"]}]},{\"@type\":\"BreadcrumbList\",\"@id\":\"https:\/\/cvca.hr\/glossary-of-key-terms\/#breadcrumb\",\"itemListElement\":[{\"@type\":\"ListItem\",\"position\":1,\"name\":\"Home\",\"item\":\"https:\/\/cvca.hr\/\"},{\"@type\":\"ListItem\",\"position\":2,\"name\":\"Rje\u010dnik klju\u010dnih rije\u010di\"}]},{\"@type\":\"WebSite\",\"@id\":\"https:\/\/cvca.hr\/#website\",\"url\":\"https:\/\/cvca.hr\/\",\"name\":\"CVCA\",\"description\":\"Croatian Private Equity and Venture Capital Association\",\"publisher\":{\"@id\":\"https:\/\/cvca.hr\/#organization\"},\"potentialAction\":[{\"@type\":\"SearchAction\",\"target\":{\"@type\":\"EntryPoint\",\"urlTemplate\":\"https:\/\/cvca.hr\/?s={search_term_string}\"},\"query-input\":\"required name=search_term_string\"}],\"inLanguage\":\"hr\"},{\"@type\":\"Organization\",\"@id\":\"https:\/\/cvca.hr\/#organization\",\"name\":\"CVCA\",\"url\":\"https:\/\/cvca.hr\/\",\"logo\":{\"@type\":\"ImageObject\",\"inLanguage\":\"hr\",\"@id\":\"https:\/\/cvca.hr\/#\/schema\/logo\/image\/\",\"url\":\"https:\/\/cvca.hr\/wp-content\/uploads\/2021\/12\/cvca-logo.png\",\"contentUrl\":\"https:\/\/cvca.hr\/wp-content\/uploads\/2021\/12\/cvca-logo.png\",\"width\":500,\"height\":127,\"caption\":\"CVCA\"},\"image\":{\"@id\":\"https:\/\/cvca.hr\/#\/schema\/logo\/image\/\"},\"sameAs\":[\"https:\/\/www.facebook.com\/cvca.hr\",\"https:\/\/twitter.com\/cvca_hr\",\"https:\/\/www.linkedin.com\/company\/52162469\/\"]}]}<\/script>\n<!-- \/ Yoast SEO Premium plugin. -->","yoast_head_json":{"title":"Rje\u010dnik klju\u010dnih rije\u010di - CVCA","robots":{"index":"index","follow":"follow","max-snippet":"max-snippet:-1","max-image-preview":"max-image-preview:large","max-video-preview":"max-video-preview:-1"},"canonical":"https:\/\/cvca.hr\/glossary-of-key-terms\/","og_locale":"hr_HR","og_type":"article","og_title":"Rje\u010dnik klju\u010dnih rije\u010di","og_description":"Rje\u010dnik klju\u010dnih rije\u010di V. CVIJANOVIC, MAROVIC, M. &#038; SRUK, B.: FINANCIRANJE MALIH I SREDNJIH PODUZE\u0106A(BIONZA PRESS, 2008) Private Equity i Venture Kapital fondovi (eng. private equity\/venture capital funds): po hrvatskom zakonodavstvu nazivaju se otvoreni investicijski fondovi rizi\u010dnog kapitala s privatnom ponudom. Iako sami fondovi nemaju pravnu osobnost (njima upravljaju dru\u0161tva za upravljanje) obi\u010dno se upravo [&hellip;]","og_url":"https:\/\/cvca.hr\/glossary-of-key-terms\/","og_site_name":"CVCA","article_publisher":"https:\/\/www.facebook.com\/cvca.hr","article_modified_time":"2022-02-07T09:13:26+00:00","og_image":[{"url":"https:\/\/cvca.hr\/wp-content\/uploads\/2022\/01\/Financiranje-malih-i-srednjih-poduzeca.jpg"}],"twitter_card":"summary_large_image","twitter_site":"@cvca_hr","twitter_misc":{"Procijenjeno vrijeme \u010ditanja":"2 minute"},"schema":{"@context":"https:\/\/schema.org","@graph":[{"@type":"WebPage","@id":"https:\/\/cvca.hr\/glossary-of-key-terms\/","url":"https:\/\/cvca.hr\/glossary-of-key-terms\/","name":"Rje\u010dnik klju\u010dnih rije\u010di - CVCA","isPartOf":{"@id":"https:\/\/cvca.hr\/#website"},"datePublished":"2022-01-11T12:06:35+00:00","dateModified":"2022-02-07T09:13:26+00:00","breadcrumb":{"@id":"https:\/\/cvca.hr\/glossary-of-key-terms\/#breadcrumb"},"inLanguage":"hr","potentialAction":[{"@type":"ReadAction","target":["https:\/\/cvca.hr\/glossary-of-key-terms\/"]}]},{"@type":"BreadcrumbList","@id":"https:\/\/cvca.hr\/glossary-of-key-terms\/#breadcrumb","itemListElement":[{"@type":"ListItem","position":1,"name":"Home","item":"https:\/\/cvca.hr\/"},{"@type":"ListItem","position":2,"name":"Rje\u010dnik klju\u010dnih rije\u010di"}]},{"@type":"WebSite","@id":"https:\/\/cvca.hr\/#website","url":"https:\/\/cvca.hr\/","name":"CVCA","description":"Croatian Private Equity and Venture Capital Association","publisher":{"@id":"https:\/\/cvca.hr\/#organization"},"potentialAction":[{"@type":"SearchAction","target":{"@type":"EntryPoint","urlTemplate":"https:\/\/cvca.hr\/?s={search_term_string}"},"query-input":"required name=search_term_string"}],"inLanguage":"hr"},{"@type":"Organization","@id":"https:\/\/cvca.hr\/#organization","name":"CVCA","url":"https:\/\/cvca.hr\/","logo":{"@type":"ImageObject","inLanguage":"hr","@id":"https:\/\/cvca.hr\/#\/schema\/logo\/image\/","url":"https:\/\/cvca.hr\/wp-content\/uploads\/2021\/12\/cvca-logo.png","contentUrl":"https:\/\/cvca.hr\/wp-content\/uploads\/2021\/12\/cvca-logo.png","width":500,"height":127,"caption":"CVCA"},"image":{"@id":"https:\/\/cvca.hr\/#\/schema\/logo\/image\/"},"sameAs":["https:\/\/www.facebook.com\/cvca.hr","https:\/\/twitter.com\/cvca_hr","https:\/\/www.linkedin.com\/company\/52162469\/"]}]}},"_links":{"self":[{"href":"https:\/\/cvca.hr\/hr\/wp-json\/wp\/v2\/pages\/1318","targetHints":{"allow":["GET"]}}],"collection":[{"href":"https:\/\/cvca.hr\/hr\/wp-json\/wp\/v2\/pages"}],"about":[{"href":"https:\/\/cvca.hr\/hr\/wp-json\/wp\/v2\/types\/page"}],"author":[{"embeddable":true,"href":"https:\/\/cvca.hr\/hr\/wp-json\/wp\/v2\/users\/1"}],"replies":[{"embeddable":true,"href":"https:\/\/cvca.hr\/hr\/wp-json\/wp\/v2\/comments?post=1318"}],"version-history":[{"count":0,"href":"https:\/\/cvca.hr\/hr\/wp-json\/wp\/v2\/pages\/1318\/revisions"}],"wp:attachment":[{"href":"https:\/\/cvca.hr\/hr\/wp-json\/wp\/v2\/media?parent=1318"}],"curies":[{"name":"wp","href":"https:\/\/api.w.org\/{rel}","templated":true}]}}