{"id":1344,"date":"2022-01-11T13:11:22","date_gmt":"2022-01-11T13:11:22","guid":{"rendered":"https:\/\/cvca.hr\/politika-privatnosti\/"},"modified":"2022-05-27T08:15:40","modified_gmt":"2022-05-27T08:15:40","slug":"politika-privatnosti","status":"publish","type":"page","link":"https:\/\/cvca.hr\/hr\/politika-privatnosti\/","title":{"rendered":"Politika privatnosti"},"content":{"rendered":"\t\t<div data-elementor-type=\"wp-page\" data-elementor-id=\"1344\" class=\"elementor elementor-1344 elementor-3\" data-elementor-post-type=\"page\">\n\t\t\t\t\t\t\t\t\t<section class=\"has_ae_slider elementor-section elementor-top-section elementor-element elementor-element-1e55a1b3 elementor-section-boxed elementor-section-height-default elementor-section-height-default ae-bg-gallery-type-default\" data-id=\"1e55a1b3\" data-element_type=\"section\">\n\t\t\t\t\t\t<div class=\"elementor-container elementor-column-gap-default\">\n\t\t\t\t\t<div class=\"has_ae_slider elementor-column elementor-col-100 elementor-top-column elementor-element elementor-element-519a8f17 ae-bg-gallery-type-default\" data-id=\"519a8f17\" data-element_type=\"column\">\n\t\t\t<div class=\"elementor-widget-wrap elementor-element-populated\">\n\t\t\t\t\t\t\t\t<div class=\"elementor-element elementor-element-a900c8b elementor-widget elementor-widget-heading\" data-id=\"a900c8b\" data-element_type=\"widget\" data-widget_type=\"heading.default\">\n\t\t\t\t<div class=\"elementor-widget-container\">\n\t\t\t<style>\/*! elementor - v3.18.0 - 20-12-2023 *\/\n.elementor-heading-title{padding:0;margin:0;line-height:1}.elementor-widget-heading .elementor-heading-title[class*=elementor-size-]>a{color:inherit;font-size:inherit;line-height:inherit}.elementor-widget-heading .elementor-heading-title.elementor-size-small{font-size:15px}.elementor-widget-heading .elementor-heading-title.elementor-size-medium{font-size:19px}.elementor-widget-heading .elementor-heading-title.elementor-size-large{font-size:29px}.elementor-widget-heading .elementor-heading-title.elementor-size-xl{font-size:39px}.elementor-widget-heading .elementor-heading-title.elementor-size-xxl{font-size:59px}<\/style><h2 class=\"elementor-heading-title elementor-size-default\">Politika privatnosti<\/h2>\t\t<\/div>\n\t\t\t\t<\/div>\n\t\t\t\t<div class=\"elementor-element elementor-element-7c582996 elementor-widget elementor-widget-text-editor\" data-id=\"7c582996\" data-element_type=\"widget\" data-widget_type=\"text-editor.default\">\n\t\t\t\t<div class=\"elementor-widget-container\">\n\t\t\t<style>\/*! elementor - v3.18.0 - 20-12-2023 *\/\n.elementor-widget-text-editor.elementor-drop-cap-view-stacked .elementor-drop-cap{background-color:#69727d;color:#fff}.elementor-widget-text-editor.elementor-drop-cap-view-framed .elementor-drop-cap{color:#69727d;border:3px solid;background-color:transparent}.elementor-widget-text-editor:not(.elementor-drop-cap-view-default) .elementor-drop-cap{margin-top:8px}.elementor-widget-text-editor:not(.elementor-drop-cap-view-default) .elementor-drop-cap-letter{width:1em;height:1em}.elementor-widget-text-editor .elementor-drop-cap{float:left;text-align:center;line-height:1;font-size:50px}.elementor-widget-text-editor .elementor-drop-cap-letter{display:inline-block}<\/style>\t\t\t\t<p>Udruga Hrvatska private equity i venture capital asocijacija, Masarykova 15, Zagreb (dalje u tekstu: \u201eHVCA\u201c, \u201emi\u201c ili \u201enas\u201c) za\u0161titu Va\u0161ih osobnih podataka smatra najvi\u0161im prioritetom.<br \/>\nZbog profesionalne obveze povjerljivosti, predani smo krajnjem po\u0161tivanju tajnosti podataka. Stoga se prilikom kori\u0161tenja Va\u0161ih osobnih podataka pridr\u017eavamo i svih propisa o za\u0161titi podataka, uklju\u010duju\u0107i, ali ne ograni\u010davaju\u0107i se na odredbe Op\u0107e uredbe o za\u0161titi podataka EU (u nastavku: \u201eGDPR\u201c).<\/p>\n<p>Va\u0161e osobne podatke obra\u0111ujemo na temelju Va\u0161e privole odnosno na temelju bilo koje druge pravne osnove u skladu s GDPR-om i u skladu s odredbama o za\u0161titi podataka i gra\u0111anskog prava. Va\u0161e osobne podatke obra\u0111ujemo onoliko dugo koliko je potrebno za ostvarenje svrhe radi koje obra\u0111ujemo osobne podatke, odnosno dok nen povu\u010dete svoju privolu za obradu, ovisno o slu\u010daju.<\/p>\n<p>Prikupljamo samo osobne podatke koji su potrebni za obavljanje aktivnosti i ispunjenje ciljeva udruge HVCA ili podatke koje ste nam dobrovoljno dostavili i za kori\u0161tenje istih dali potrebnu privolu. Imajte na umu da pod odre\u0111enim okolnostima mo\u017eemo odbiti suradnju ako ne dostavite<br \/>\nili dostavite nepotpune osobne podatke koji su potrebni za obavljanje na\u0161ih aktivnosti i ispunjenje na\u0161ih ciljeva.<\/p>\n<p>Kao na\u0161 suradnik ili op\u0107enito kao ispitanik prema GDPR-u imate pravo na:<br \/>\n&#8211; pristup svojim osobnim podacima;<br \/>\n&#8211; ispravak i brisanje osobnih podataka;<br \/>\n&#8211; ograni\u010denje obrade osobnih podataka;<br \/>\n&#8211; preno\u0161enje osobnih podataka; i<br \/>\n&#8211; pravo na prigovor na obradu osobnih podataka.<\/p>\n<p>Napominjemo kako smo poduzeli i poduzimamo odgovaraju\u0107e organizacijske i tehni\u010dke mjere kako bismo osigurali za\u0161titu Va\u0161ih osobnih podataka, posebno od neovla\u0161tenog, nezakonitog ili slu\u010dajnog pristupa, obrade, gubitka, kori\u0161tenja i neovla\u0161tenog mijenjanja. Unato\u010d na\u0161em nastojanju da u svakom trenutku osiguramo primjereno visoki standard du\u017ene pa\u017enje, ne mo\u017ee se isklju\u010diti mogu\u0107nost da \u0107e ostale osobe pristupiti ili koristiti informacije koje ste dostavili putem interneta. Imajte na umu da stoga ne mo\u017eemo preuzeti nikakvu odgovornost za otkrivanje podataka u slu\u010daju pogre\u0161aka u prijenosu podataka i\/ili neovla\u0161tenog pristupa tre\u0107ih osoba koje nismo uzrokovali (npr. hakiranje ra\u010duna elektroni\u010dke po\u0161te ili telefona, presretanje faks<br \/>\nporuka).<\/p>\n<p>Va\u0161i osobni podatci obra\u0111uju se u pravilu u Republici Hrvatskoj i Europskoj uniji. Me\u0111utim, na\u0161e aktivnosti obavljamo i u suradnji s odre\u0111enim organizacijama koje se nalaze izvan Europske unije. U slu\u010daju me\u0111unarodnog prijenosa podataka u dr\u017eave izvan Europske unije<br \/>\nkoje nisu obuhva\u0107ene odlukom o primjerenosti Europske komisije (npr. EU-SAD \u0160tit privatnosti), HVCA primjenjuje odgovaraju\u0107e pravne mehanizme kako bi osigurao dovoljnu<br \/>\nrazinu za\u0161tite podataka u skladu sa zahtjevima europskog zakonodavstva (npr. Standardne klauzule o za\u0161titi podataka prihva\u0107ene od strane Europske komisije).<\/p>\n<p>Sva pitanja u vezi s ovom Izjavom, za\u0161titom privatnosti i osobnih podataka, ili na\u010dinima, razlozima i sigurno\u0161\u0107u obrade mogu\u0107e je uputiti na\u0161em Slu\u017ebeniku za za\u0161titu podataka na:<\/p>\n<p>Slu\u017ebenik za za\u0161titu podataka Hrvatska Private Equity i Venture Capital Asocijacija Savska cesta 32 10 000 Zagreb E-mail: info@cvca.hr<\/p>\n<p>Me\u0111utim, ukoliko niste zadovoljni na\u0161im odgovorom ili op\u0107enito imate primjedbe na na\u0161e djelovanje i na\u010din na koji obra\u0111ujemo Va\u0161e osobne podatke, imate pravo podnijeti pritu\u017ebu Agenciji za za\u0161titu osobnih podataka (https:\/\/azop.hr\/), koja je kao nadzorno tijelo nadle\u017ena za<br \/>\nomogu\u0107ivanje ostvarivanja prava pojedinaca u Republici Hrvatskoj.<\/p>\n<p>Ova Izjava o privatnosti se primjenjuje od 29. studenog 2019.<\/p>\n\t\t\t\t\t\t<\/div>\n\t\t\t\t<\/div>\n\t\t\t\t\t<\/div>\n\t\t<\/div>\n\t\t\t\t\t\t\t<\/div>\n\t\t<\/section>\n\t\t\t\t\t\t\t<\/div>\n\t\t","protected":false},"excerpt":{"rendered":"<p>Politika privatnosti Udruga Hrvatska private equity i venture capital asocijacija, Masarykova 15, Zagreb (dalje u tekstu: \u201eHVCA\u201c, \u201emi\u201c ili \u201enas\u201c) za\u0161titu Va\u0161ih osobnih podataka smatra najvi\u0161im prioritetom. Zbog profesionalne obveze povjerljivosti, predani smo krajnjem po\u0161tivanju tajnosti podataka. Stoga se prilikom kori\u0161tenja Va\u0161ih osobnih podataka pridr\u017eavamo i svih propisa o za\u0161titi podataka, uklju\u010duju\u0107i, ali ne ograni\u010davaju\u0107i [&hellip;]<\/p>\n","protected":false},"author":1,"featured_media":0,"parent":0,"menu_order":0,"comment_status":"closed","ping_status":"open","template":"","meta":{"footnotes":""},"class_list":["post-1344","page","type-page","status-publish","hentry"],"acf":[],"yoast_head":"<!-- This site is optimized with the Yoast SEO Premium plugin v21.7 (Yoast SEO v21.8) - https:\/\/yoast.com\/wordpress\/plugins\/seo\/ -->\n<title>Politika privatnosti - CVCA<\/title>\n<meta name=\"robots\" content=\"index, follow, max-snippet:-1, max-image-preview:large, max-video-preview:-1\" \/>\n<link rel=\"canonical\" href=\"https:\/\/cvca.hr\/privacy-policy\/\" \/>\n<meta property=\"og:locale\" content=\"hr_HR\" \/>\n<meta property=\"og:type\" content=\"article\" \/>\n<meta property=\"og:title\" content=\"Politika privatnosti\" \/>\n<meta property=\"og:description\" content=\"Politika privatnosti Udruga Hrvatska private equity i venture capital asocijacija, Masarykova 15, Zagreb (dalje u tekstu: \u201eHVCA\u201c, \u201emi\u201c ili \u201enas\u201c) za\u0161titu Va\u0161ih osobnih podataka smatra najvi\u0161im prioritetom. Zbog profesionalne obveze povjerljivosti, predani smo krajnjem po\u0161tivanju tajnosti podataka. Stoga se prilikom kori\u0161tenja Va\u0161ih osobnih podataka pridr\u017eavamo i svih propisa o za\u0161titi podataka, uklju\u010duju\u0107i, ali ne ograni\u010davaju\u0107i [&hellip;]\" \/>\n<meta property=\"og:url\" content=\"https:\/\/cvca.hr\/privacy-policy\/\" \/>\n<meta property=\"og:site_name\" content=\"CVCA\" \/>\n<meta property=\"article:publisher\" content=\"https:\/\/www.facebook.com\/cvca.hr\" \/>\n<meta property=\"article:modified_time\" content=\"2022-05-27T08:15:40+00:00\" \/>\n<meta property=\"og:image\" content=\"https:\/\/cvca.hr\/wp-content\/uploads\/2022\/12\/Croatian-private-equity-and-venture-capital-association-cvca-private-equity-and-venture-capital-events.png\" \/>\n\t<meta property=\"og:image:width\" content=\"1800\" \/>\n\t<meta property=\"og:image:height\" content=\"945\" \/>\n\t<meta property=\"og:image:type\" content=\"image\/png\" \/>\n<meta name=\"twitter:card\" content=\"summary_large_image\" \/>\n<meta name=\"twitter:site\" content=\"@cvca_hr\" \/>\n<meta name=\"twitter:label1\" content=\"Procijenjeno vrijeme \u010ditanja\" \/>\n\t<meta name=\"twitter:data1\" content=\"3 minute\" \/>\n<script type=\"application\/ld+json\" class=\"yoast-schema-graph\">{\"@context\":\"https:\/\/schema.org\",\"@graph\":[{\"@type\":\"WebPage\",\"@id\":\"https:\/\/cvca.hr\/privacy-policy\/\",\"url\":\"https:\/\/cvca.hr\/privacy-policy\/\",\"name\":\"Politika privatnosti - CVCA\",\"isPartOf\":{\"@id\":\"https:\/\/cvca.hr\/#website\"},\"datePublished\":\"2022-01-11T13:11:22+00:00\",\"dateModified\":\"2022-05-27T08:15:40+00:00\",\"breadcrumb\":{\"@id\":\"https:\/\/cvca.hr\/privacy-policy\/#breadcrumb\"},\"inLanguage\":\"hr\",\"potentialAction\":[{\"@type\":\"ReadAction\",\"target\":[\"https:\/\/cvca.hr\/privacy-policy\/\"]}]},{\"@type\":\"BreadcrumbList\",\"@id\":\"https:\/\/cvca.hr\/privacy-policy\/#breadcrumb\",\"itemListElement\":[{\"@type\":\"ListItem\",\"position\":1,\"name\":\"Home\",\"item\":\"https:\/\/cvca.hr\/\"},{\"@type\":\"ListItem\",\"position\":2,\"name\":\"Politika privatnosti\"}]},{\"@type\":\"WebSite\",\"@id\":\"https:\/\/cvca.hr\/#website\",\"url\":\"https:\/\/cvca.hr\/\",\"name\":\"CVCA\",\"description\":\"Croatian Private Equity and Venture Capital Association\",\"publisher\":{\"@id\":\"https:\/\/cvca.hr\/#organization\"},\"potentialAction\":[{\"@type\":\"SearchAction\",\"target\":{\"@type\":\"EntryPoint\",\"urlTemplate\":\"https:\/\/cvca.hr\/?s={search_term_string}\"},\"query-input\":\"required name=search_term_string\"}],\"inLanguage\":\"hr\"},{\"@type\":\"Organization\",\"@id\":\"https:\/\/cvca.hr\/#organization\",\"name\":\"CVCA\",\"url\":\"https:\/\/cvca.hr\/\",\"logo\":{\"@type\":\"ImageObject\",\"inLanguage\":\"hr\",\"@id\":\"https:\/\/cvca.hr\/#\/schema\/logo\/image\/\",\"url\":\"https:\/\/cvca.hr\/wp-content\/uploads\/2021\/12\/cvca-logo.png\",\"contentUrl\":\"https:\/\/cvca.hr\/wp-content\/uploads\/2021\/12\/cvca-logo.png\",\"width\":500,\"height\":127,\"caption\":\"CVCA\"},\"image\":{\"@id\":\"https:\/\/cvca.hr\/#\/schema\/logo\/image\/\"},\"sameAs\":[\"https:\/\/www.facebook.com\/cvca.hr\",\"https:\/\/twitter.com\/cvca_hr\",\"https:\/\/www.linkedin.com\/company\/52162469\/\"]}]}<\/script>\n<!-- \/ Yoast SEO Premium plugin. -->","yoast_head_json":{"title":"Politika privatnosti - CVCA","robots":{"index":"index","follow":"follow","max-snippet":"max-snippet:-1","max-image-preview":"max-image-preview:large","max-video-preview":"max-video-preview:-1"},"canonical":"https:\/\/cvca.hr\/privacy-policy\/","og_locale":"hr_HR","og_type":"article","og_title":"Politika privatnosti","og_description":"Politika privatnosti Udruga Hrvatska private equity i venture capital asocijacija, Masarykova 15, Zagreb (dalje u tekstu: \u201eHVCA\u201c, \u201emi\u201c ili \u201enas\u201c) za\u0161titu Va\u0161ih osobnih podataka smatra najvi\u0161im prioritetom. Zbog profesionalne obveze povjerljivosti, predani smo krajnjem po\u0161tivanju tajnosti podataka. Stoga se prilikom kori\u0161tenja Va\u0161ih osobnih podataka pridr\u017eavamo i svih propisa o za\u0161titi podataka, uklju\u010duju\u0107i, ali ne ograni\u010davaju\u0107i [&hellip;]","og_url":"https:\/\/cvca.hr\/privacy-policy\/","og_site_name":"CVCA","article_publisher":"https:\/\/www.facebook.com\/cvca.hr","article_modified_time":"2022-05-27T08:15:40+00:00","og_image":[{"width":1800,"height":945,"url":"https:\/\/cvca.hr\/wp-content\/uploads\/2022\/12\/Croatian-private-equity-and-venture-capital-association-cvca-private-equity-and-venture-capital-events.png","type":"image\/png"}],"twitter_card":"summary_large_image","twitter_site":"@cvca_hr","twitter_misc":{"Procijenjeno vrijeme \u010ditanja":"3 minute"},"schema":{"@context":"https:\/\/schema.org","@graph":[{"@type":"WebPage","@id":"https:\/\/cvca.hr\/privacy-policy\/","url":"https:\/\/cvca.hr\/privacy-policy\/","name":"Politika privatnosti - CVCA","isPartOf":{"@id":"https:\/\/cvca.hr\/#website"},"datePublished":"2022-01-11T13:11:22+00:00","dateModified":"2022-05-27T08:15:40+00:00","breadcrumb":{"@id":"https:\/\/cvca.hr\/privacy-policy\/#breadcrumb"},"inLanguage":"hr","potentialAction":[{"@type":"ReadAction","target":["https:\/\/cvca.hr\/privacy-policy\/"]}]},{"@type":"BreadcrumbList","@id":"https:\/\/cvca.hr\/privacy-policy\/#breadcrumb","itemListElement":[{"@type":"ListItem","position":1,"name":"Home","item":"https:\/\/cvca.hr\/"},{"@type":"ListItem","position":2,"name":"Politika privatnosti"}]},{"@type":"WebSite","@id":"https:\/\/cvca.hr\/#website","url":"https:\/\/cvca.hr\/","name":"CVCA","description":"Croatian Private Equity and Venture Capital Association","publisher":{"@id":"https:\/\/cvca.hr\/#organization"},"potentialAction":[{"@type":"SearchAction","target":{"@type":"EntryPoint","urlTemplate":"https:\/\/cvca.hr\/?s={search_term_string}"},"query-input":"required name=search_term_string"}],"inLanguage":"hr"},{"@type":"Organization","@id":"https:\/\/cvca.hr\/#organization","name":"CVCA","url":"https:\/\/cvca.hr\/","logo":{"@type":"ImageObject","inLanguage":"hr","@id":"https:\/\/cvca.hr\/#\/schema\/logo\/image\/","url":"https:\/\/cvca.hr\/wp-content\/uploads\/2021\/12\/cvca-logo.png","contentUrl":"https:\/\/cvca.hr\/wp-content\/uploads\/2021\/12\/cvca-logo.png","width":500,"height":127,"caption":"CVCA"},"image":{"@id":"https:\/\/cvca.hr\/#\/schema\/logo\/image\/"},"sameAs":["https:\/\/www.facebook.com\/cvca.hr","https:\/\/twitter.com\/cvca_hr","https:\/\/www.linkedin.com\/company\/52162469\/"]}]}},"_links":{"self":[{"href":"https:\/\/cvca.hr\/hr\/wp-json\/wp\/v2\/pages\/1344","targetHints":{"allow":["GET"]}}],"collection":[{"href":"https:\/\/cvca.hr\/hr\/wp-json\/wp\/v2\/pages"}],"about":[{"href":"https:\/\/cvca.hr\/hr\/wp-json\/wp\/v2\/types\/page"}],"author":[{"embeddable":true,"href":"https:\/\/cvca.hr\/hr\/wp-json\/wp\/v2\/users\/1"}],"replies":[{"embeddable":true,"href":"https:\/\/cvca.hr\/hr\/wp-json\/wp\/v2\/comments?post=1344"}],"version-history":[{"count":0,"href":"https:\/\/cvca.hr\/hr\/wp-json\/wp\/v2\/pages\/1344\/revisions"}],"wp:attachment":[{"href":"https:\/\/cvca.hr\/hr\/wp-json\/wp\/v2\/media?parent=1344"}],"curies":[{"name":"wp","href":"https:\/\/api.w.org\/{rel}","templated":true}]}}